{"id":96251,"date":"2025-04-07T09:22:19","date_gmt":"2025-04-07T09:22:19","guid":{"rendered":"http:\/\/therezia.ro\/produse\/"},"modified":"2025-05-21T06:39:49","modified_gmt":"2025-05-21T06:39:49","slug":"termekeink","status":"publish","type":"page","link":"https:\/\/therezia.ro\/hu\/termekeink\/","title":{"rendered":"Term\u00e9keink"},"content":{"rendered":"\t\t<div data-elementor-type=\"wp-page\" data-elementor-id=\"96251\" class=\"elementor elementor-96251 elementor-94463\" data-elementor-post-type=\"page\">\n\t\t\t\t<div class=\"elementor-element elementor-element-95f9715 e-flex e-con-boxed e-con e-parent\" data-id=\"95f9715\" data-element_type=\"container\" data-settings=\"{&quot;background_background&quot;:&quot;gradient&quot;}\">\n\t\t\t\t\t<div class=\"e-con-inner\">\n\t\t\t\t<div class=\"elementor-element elementor-element-88cb60d elementor-widget elementor-widget-heading\" data-id=\"88cb60d\" data-element_type=\"widget\" data-widget_type=\"heading.default\">\n\t\t\t\t<div class=\"elementor-widget-container\">\n\t\t\t\t\t<h1 class=\"elementor-heading-title elementor-size-default\">Melyiket k\u00f3stoln\u00e1d meg?<\/h1>\t\t\t\t<\/div>\n\t\t\t\t<\/div>\n\t\t<div class=\"elementor-element elementor-element-5eb3e53 e-con-full categoriiProduse e-flex e-con e-child\" data-id=\"5eb3e53\" data-element_type=\"container\">\n\t\t\t\t<div class=\"elementor-element elementor-element-30f9536 elementor-widget__width-initial elementor-widget-mobile__width-inherit elementor-position-top elementor-widget elementor-widget-image-box\" data-id=\"30f9536\" data-element_type=\"widget\" data-widget_type=\"image-box.default\">\n\t\t\t\t<div class=\"elementor-widget-container\">\n\t\t\t\t\t<div class=\"elementor-image-box-wrapper\"><figure class=\"elementor-image-box-img\"><a href=\"https:\/\/therezia.ro\/hu\/sajtok\/\" tabindex=\"-1\"><img fetchpriority=\"high\" decoding=\"async\" width=\"437\" height=\"577\" src=\"https:\/\/therezia.ro\/wp-content\/uploads\/2025\/04\/Cascaval.jpg\" class=\"elementor-animation-grow attachment-full size-full wp-image-94238\" alt=\"\" srcset=\"https:\/\/therezia.ro\/wp-content\/uploads\/2025\/04\/Cascaval.jpg 437w, https:\/\/therezia.ro\/wp-content\/uploads\/2025\/04\/Cascaval-227x300.jpg 227w\" sizes=\"(max-width: 437px) 100vw, 437px\" \/><\/a><\/figure><div class=\"elementor-image-box-content\"><h3 class=\"elementor-image-box-title\"><a href=\"https:\/\/therezia.ro\/hu\/sajtok\/\">Sajtok<\/a><\/h3><\/div><\/div>\t\t\t\t<\/div>\n\t\t\t\t<\/div>\n\t\t\t\t<div class=\"elementor-element elementor-element-e02adf1 elementor-widget__width-initial elementor-widget-mobile__width-inherit elementor-position-top elementor-widget elementor-widget-image-box\" data-id=\"e02adf1\" data-element_type=\"widget\" data-widget_type=\"image-box.default\">\n\t\t\t\t<div class=\"elementor-widget-container\">\n\t\t\t\t\t<div class=\"elementor-image-box-wrapper\"><figure class=\"elementor-image-box-img\"><a href=\"https:\/\/therezia.ro\/hu\/tomlos-sajtok\/\" tabindex=\"-1\"><img decoding=\"async\" width=\"436\" height=\"577\" src=\"https:\/\/therezia.ro\/wp-content\/uploads\/2025\/04\/Branza-topita.jpg\" class=\"attachment-full size-full wp-image-94237\" alt=\"\" srcset=\"https:\/\/therezia.ro\/wp-content\/uploads\/2025\/04\/Branza-topita.jpg 436w, https:\/\/therezia.ro\/wp-content\/uploads\/2025\/04\/Branza-topita-227x300.jpg 227w\" sizes=\"(max-width: 436px) 100vw, 436px\" \/><\/a><\/figure><div class=\"elementor-image-box-content\"><h3 class=\"elementor-image-box-title\"><a href=\"https:\/\/therezia.ro\/hu\/tomlos-sajtok\/\">T\u00f6ml\u0151s sajtok<\/a><\/h3><\/div><\/div>\t\t\t\t<\/div>\n\t\t\t\t<\/div>\n\t\t\t\t<div class=\"elementor-element elementor-element-9f44ca9 elementor-widget__width-initial elementor-widget-mobile__width-inherit elementor-position-top elementor-widget elementor-widget-image-box\" data-id=\"9f44ca9\" data-element_type=\"widget\" data-widget_type=\"image-box.default\">\n\t\t\t\t<div class=\"elementor-widget-container\">\n\t\t\t\t\t<div class=\"elementor-image-box-wrapper\"><figure class=\"elementor-image-box-img\"><a href=\"https:\/\/therezia.ro\/hu\/vajkremek\/\" tabindex=\"-1\"><img decoding=\"async\" width=\"437\" height=\"577\" src=\"https:\/\/therezia.ro\/wp-content\/uploads\/2025\/05\/creme-de-unt.jpg\" class=\"attachment-full size-full wp-image-97044\" alt=\"\" srcset=\"https:\/\/therezia.ro\/wp-content\/uploads\/2025\/05\/creme-de-unt.jpg 437w, https:\/\/therezia.ro\/wp-content\/uploads\/2025\/05\/creme-de-unt-227x300.jpg 227w\" sizes=\"(max-width: 437px) 100vw, 437px\" \/><\/a><\/figure><div class=\"elementor-image-box-content\"><h3 class=\"elementor-image-box-title\"><a href=\"https:\/\/therezia.ro\/hu\/vajkremek\/\">Vajkr\u00e9mek<\/a><\/h3><\/div><\/div>\t\t\t\t<\/div>\n\t\t\t\t<\/div>\n\t\t\t\t<div class=\"elementor-element elementor-element-d421c75 elementor-widget__width-initial elementor-widget-mobile__width-inherit elementor-position-top elementor-widget elementor-widget-image-box\" data-id=\"d421c75\" data-element_type=\"widget\" data-widget_type=\"image-box.default\">\n\t\t\t\t<div class=\"elementor-widget-container\">\n\t\t\t\t\t<div class=\"elementor-image-box-wrapper\"><figure class=\"elementor-image-box-img\"><a href=\"https:\/\/therezia.ro\/hu\/burduf-turo\/\" tabindex=\"-1\"><img loading=\"lazy\" decoding=\"async\" width=\"436\" height=\"577\" src=\"https:\/\/therezia.ro\/wp-content\/uploads\/2025\/04\/Branza-de-Burduf.png\" class=\"attachment-full size-full wp-image-94235\" alt=\"\" srcset=\"https:\/\/therezia.ro\/wp-content\/uploads\/2025\/04\/Branza-de-Burduf.png 436w, https:\/\/therezia.ro\/wp-content\/uploads\/2025\/04\/Branza-de-Burduf-227x300.png 227w\" sizes=\"(max-width: 436px) 100vw, 436px\" \/><\/a><\/figure><div class=\"elementor-image-box-content\"><h3 class=\"elementor-image-box-title\"><a href=\"https:\/\/therezia.ro\/hu\/burduf-turo\/\">S\u00f3s t\u00far\u00f3k (Burduf)<\/a><\/h3><\/div><\/div>\t\t\t\t<\/div>\n\t\t\t\t<\/div>\n\t\t\t\t<div class=\"elementor-element elementor-element-26d140d elementor-widget__width-initial elementor-widget-mobile__width-inherit elementor-position-top elementor-widget elementor-widget-image-box\" data-id=\"26d140d\" data-element_type=\"widget\" data-widget_type=\"image-box.default\">\n\t\t\t\t<div class=\"elementor-widget-container\">\n\t\t\t\t\t<div class=\"elementor-image-box-wrapper\"><figure class=\"elementor-image-box-img\"><a href=\"https:\/\/therezia.ro\/hu\/friss-asztali-tejtermekek\/\" tabindex=\"-1\"><img loading=\"lazy\" decoding=\"async\" width=\"436\" height=\"577\" src=\"https:\/\/therezia.ro\/wp-content\/uploads\/2025\/04\/Produse-proaspete.jpg\" class=\"attachment-full size-full wp-image-94234\" alt=\"\" srcset=\"https:\/\/therezia.ro\/wp-content\/uploads\/2025\/04\/Produse-proaspete.jpg 436w, https:\/\/therezia.ro\/wp-content\/uploads\/2025\/04\/Produse-proaspete-227x300.jpg 227w\" sizes=\"(max-width: 436px) 100vw, 436px\" \/><\/a><\/figure><div class=\"elementor-image-box-content\"><h3 class=\"elementor-image-box-title\"><a href=\"https:\/\/therezia.ro\/hu\/friss-asztali-tejtermekek\/\">Friss tejterm\u00e9kek<\/a><\/h3><\/div><\/div>\t\t\t\t<\/div>\n\t\t\t\t<\/div>\n\t\t\t\t<\/div>\n\t\t\t\t\t<\/div>\n\t\t\t\t<\/div>\n\t\t\t\t<\/div>\n\t\t","protected":false},"excerpt":{"rendered":"<p>Melyiket k\u00f3stoln\u00e1d meg? Sajtok T\u00f6ml\u0151s sajtok Vajkr\u00e9mek S\u00f3s t\u00far\u00f3k (Burduf) Friss tejterm\u00e9kek<\/p>\n","protected":false},"author":1,"featured_media":0,"parent":0,"menu_order":0,"comment_status":"closed","ping_status":"closed","template":"elementor_header_footer","meta":{"inline_featured_image":false,"footnotes":""},"class_list":["post-96251","page","type-page","status-publish","hentry"],"_links":{"self":[{"href":"https:\/\/therezia.ro\/hu\/wp-json\/wp\/v2\/pages\/96251","targetHints":{"allow":["GET"]}}],"collection":[{"href":"https:\/\/therezia.ro\/hu\/wp-json\/wp\/v2\/pages"}],"about":[{"href":"https:\/\/therezia.ro\/hu\/wp-json\/wp\/v2\/types\/page"}],"author":[{"embeddable":true,"href":"https:\/\/therezia.ro\/hu\/wp-json\/wp\/v2\/users\/1"}],"replies":[{"embeddable":true,"href":"https:\/\/therezia.ro\/hu\/wp-json\/wp\/v2\/comments?post=96251"}],"version-history":[{"count":17,"href":"https:\/\/therezia.ro\/hu\/wp-json\/wp\/v2\/pages\/96251\/revisions"}],"predecessor-version":[{"id":97106,"href":"https:\/\/therezia.ro\/hu\/wp-json\/wp\/v2\/pages\/96251\/revisions\/97106"}],"wp:attachment":[{"href":"https:\/\/therezia.ro\/hu\/wp-json\/wp\/v2\/media?parent=96251"}],"curies":[{"name":"wp","href":"https:\/\/api.w.org\/{rel}","templated":true}]}}