{"id":96312,"date":"2025-04-25T05:41:39","date_gmt":"2025-04-25T05:41:39","guid":{"rendered":"http:\/\/therezia.ro\/produse-proaspete\/"},"modified":"2025-05-14T21:06:51","modified_gmt":"2025-05-14T21:06:51","slug":"friss-asztali-tejtermekek","status":"publish","type":"page","link":"https:\/\/therezia.ro\/hu\/friss-asztali-tejtermekek\/","title":{"rendered":"Friss asztali tejterm\u00e9kek"},"content":{"rendered":"\t\t<div data-elementor-type=\"wp-page\" data-elementor-id=\"96312\" class=\"elementor elementor-96312 elementor-95406\" data-elementor-post-type=\"page\">\n\t\t\t\t<div class=\"elementor-element elementor-element-30d4b9e elementor-hidden-desktop elementor-hidden-tablet e-flex e-con-boxed e-con e-parent\" data-id=\"30d4b9e\" data-element_type=\"container\">\n\t\t\t\t\t<div class=\"e-con-inner\">\n\t\t\t\t<div class=\"elementor-element elementor-element-9b50ccd elementor-widget elementor-widget-image\" data-id=\"9b50ccd\" data-element_type=\"widget\" data-widget_type=\"image.default\">\n\t\t\t\t<div class=\"elementor-widget-container\">\n\t\t\t\t\t\t\t\t\t\t\t\t\t\t\t<img fetchpriority=\"high\" decoding=\"async\" width=\"1413\" height=\"1247\" src=\"https:\/\/therezia.ro\/wp-content\/uploads\/2025\/04\/produse-proaspete.png\" class=\"attachment-full size-full wp-image-96147\" alt=\"\" srcset=\"https:\/\/therezia.ro\/wp-content\/uploads\/2025\/04\/produse-proaspete.png 1413w, https:\/\/therezia.ro\/wp-content\/uploads\/2025\/04\/produse-proaspete-300x265.png 300w, https:\/\/therezia.ro\/wp-content\/uploads\/2025\/04\/produse-proaspete-1024x904.png 1024w, https:\/\/therezia.ro\/wp-content\/uploads\/2025\/04\/produse-proaspete-768x678.png 768w, https:\/\/therezia.ro\/wp-content\/uploads\/2025\/04\/produse-proaspete-1200x1059.png 1200w\" sizes=\"(max-width: 1413px) 100vw, 1413px\" \/>\t\t\t\t\t\t\t\t\t\t\t\t\t\t\t<\/div>\n\t\t\t\t<\/div>\n\t\t\t\t\t<\/div>\n\t\t\t\t<\/div>\n\t\t<div class=\"elementor-element elementor-element-cfdc3b0 e-flex e-con-boxed e-con e-parent\" data-id=\"cfdc3b0\" data-element_type=\"container\" data-settings=\"{&quot;background_background&quot;:&quot;classic&quot;}\">\n\t\t\t\t\t<div class=\"e-con-inner\">\n\t\t<div class=\"elementor-element elementor-element-11c3010 e-con-full e-flex e-con e-child\" data-id=\"11c3010\" data-element_type=\"container\">\n\t\t\t\t<div class=\"elementor-element elementor-element-d08ffe9 elementor-widget elementor-widget-heading\" data-id=\"d08ffe9\" data-element_type=\"widget\" data-widget_type=\"heading.default\">\n\t\t\t\t<div class=\"elementor-widget-container\">\n\t\t\t\t\t<h1 class=\"elementor-heading-title elementor-size-default\">Friss <br>\nasztali tejterm\u00e9kek<\/h1>\t\t\t\t<\/div>\n\t\t\t\t<\/div>\n\t\t\t\t<div class=\"elementor-element elementor-element-17ea830 elementor-widget elementor-widget-text-editor\" data-id=\"17ea830\" data-element_type=\"widget\" data-widget_type=\"text-editor.default\">\n\t\t\t\t<div class=\"elementor-widget-container\">\n\t\t\t\t\t\t\t\t\t<p><span style=\"font-weight: 400;\">Azoknak k\u00e9sz\u00fcltek, akik szeretik a term\u00e9szetes frissess\u00e9get. A Therezia friss tejterm\u00e9kei \u2013 az ord\u00e1t\u00f3l a vajig \u2013 t\u00f6k\u00e9letesek egy eg\u00e9szs\u00e9ges, kiegyens\u00falyozott \u00e9trendhez.<\/span><\/p>\t\t\t\t\t\t\t\t<\/div>\n\t\t\t\t<\/div>\n\t\t\t\t<\/div>\n\t\t<div class=\"elementor-element elementor-element-d6084c1 e-con-full e-flex e-con e-child\" data-id=\"d6084c1\" data-element_type=\"container\">\n\t\t\t\t<\/div>\n\t\t<div class=\"elementor-element elementor-element-6f7d7d5 e-con-full e-flex e-con e-child\" data-id=\"6f7d7d5\" data-element_type=\"container\">\n\t\t\t\t<div class=\"elementor-element elementor-element-a6a169e elementor-widget__width-auto elementor-widget-mobile__width-inherit elementor-mobile-align-center elementor-invisible elementor-widget elementor-widget-the7_button_widget\" data-id=\"a6a169e\" data-element_type=\"widget\" data-settings=\"{&quot;_animation&quot;:&quot;fadeInUp&quot;,&quot;_animation_delay&quot;:750}\" data-widget_type=\"the7_button_widget.default\">\n\t\t\t\t<div class=\"elementor-widget-container\">\n\t\t\t\t\t<div class=\"elementor-button-wrapper\"><a href=\"#produse\" class=\"box-button elementor-button elementor-size-xs\">TERM\u00c9KK\u00cdN\u00c1LAT<\/a><\/div>\t\t\t\t<\/div>\n\t\t\t\t<\/div>\n\t\t\t\t<div class=\"elementor-element elementor-element-92c3704 elementor-view-default elementor-widget elementor-widget-icon\" data-id=\"92c3704\" data-element_type=\"widget\" data-widget_type=\"icon.default\">\n\t\t\t\t<div class=\"elementor-widget-container\">\n\t\t\t\t\t\t\t<div class=\"elementor-icon-wrapper\">\n\t\t\t<a class=\"elementor-icon\" href=\"#produse\">\n\t\t\t<svg xmlns=\"http:\/\/www.w3.org\/2000\/svg\" width=\"47\" height=\"27\" viewBox=\"0 0 47 27\" fill=\"none\"><path d=\"M1.93359 1.98486L23.5531 23.9594L45.173 1.98486\" stroke=\"#363D30\" stroke-width=\"4\"><\/path><\/svg>\t\t\t<\/a>\n\t\t<\/div>\n\t\t\t\t\t\t<\/div>\n\t\t\t\t<\/div>\n\t\t\t\t<\/div>\n\t\t\t\t\t<\/div>\n\t\t\t\t<\/div>\n\t\t<div class=\"elementor-element elementor-element-d5aa3f0 e-flex e-con-boxed e-con e-parent\" data-id=\"d5aa3f0\" data-element_type=\"container\" id=\"produse\">\n\t\t\t\t\t<div class=\"e-con-inner\">\n\t\t\t\t\t<\/div>\n\t\t\t\t<\/div>\n\t\t<div class=\"elementor-element elementor-element-1c517d9 e-flex e-con-boxed e-con e-parent\" data-id=\"1c517d9\" data-element_type=\"container\">\n\t\t\t\t\t<div class=\"e-con-inner\">\n\t\t\t\t<div class=\"elementor-element elementor-element-bf9d55b elementor-widget elementor-widget-heading\" data-id=\"bf9d55b\" data-element_type=\"widget\" data-widget_type=\"heading.default\">\n\t\t\t\t<div class=\"elementor-widget-container\">\n\t\t\t\t\t<h2 class=\"elementor-heading-title elementor-size-default\">Ellen\u00e1llhatatlan receptjeink:<\/h2>\t\t\t\t<\/div>\n\t\t\t\t<\/div>\n\t\t\t\t<div class=\"elementor-element elementor-element-d55e109 elementor-widget__width-initial elementor-widget elementor-widget-text-editor\" data-id=\"d55e109\" data-element_type=\"widget\" data-widget_type=\"text-editor.default\">\n\t\t\t\t<div class=\"elementor-widget-container\">\n\t\t\t\t\t\t\t\t\t<p><span style=\"font-weight: 400;\">Hagyom\u00e1nyos receptek, term\u00e9szetes hozz\u00e1val\u00f3k \u00e9s egy csipetnyi kreativit\u00e1s \u2013 ez a mi titkunk. Egy falat is el\u00e9g, hogy meggy\u0151zz\u00fcnk!<\/span><\/p>\t\t\t\t\t\t\t\t<\/div>\n\t\t\t\t<\/div>\n\t\t\t\t<div class=\"elementor-element elementor-element-91daa3a retete elementor-widget elementor-widget-the7_elements\" data-id=\"91daa3a\" data-element_type=\"widget\" data-widget_type=\"the7_elements.default\">\n\t\t\t\t<div class=\"elementor-widget-container\">\n\t\t\t\t\t<div class=\"portfolio-shortcode the7-elementor-widget the7_elements-91daa3a mode-masonry classic-layout-list description-under-image quick-scale-img meta-info-off content-bg-on resize-by-browser-width loading-effect-none jquery-filter\" data-padding=\"40px\" data-mobile-columns-num=\"1\" data-tablet-columns-num=\"2\" data-desktop-columns-num=\"4\" data-wide-desktop-columns-num=\"4\" data-post-limit=\"-1\" data-pagination-mode=\"none\" data-scroll-offset=\"\" aria-live=\"assertive\"><div class=\"iso-container dt-isotope custom-iso-columns\"><div class=\"visible wf-cell iso-item\" data-post-id=\"96660\" data-date=\"2025-04-08T05:19:37+00:00\" data-name=\"Sajtos t\u00e9szta \u2013 Therezia m\u00f3dra\"><article class=\"post visible post-96660 the7_project type-the7_project status-publish has-post-thumbnail hentry\" data-name=\"Sajtos t\u00e9szta \u2013 Therezia m\u00f3dra\" data-date=\"2025-04-08T05:19:37+00:00\">\n\n\t<div class=\"post-thumbnail-wrap\">\n\t\t<div class=\"post-thumbnail\">\n\n\t\t\t<a class=\"post-thumbnail-rollover layzr-bg img-css-resize-wrapper\" aria-label=\"Post image\" href=\"https:\/\/therezia.ro\/hu\/the7_project\/paste-cu-branza-si-slanina-afumata\/\"><img decoding=\"async\" width=\"1610\" height=\"2560\" src=\"data:image\/svg+xml,%3Csvg%20xmlns%3D&#039;http%3A%2F%2Fwww.w3.org%2F2000%2Fsvg&#039;%20viewBox%3D&#039;0%200%201610%202560&#039;%2F%3E\" class=\"attachment-full size-full preload-me aspect lazy lazy-load\" alt=\"\" sizes=\"(max-width: 1610px) 100vw, 1610px\" style=\"--ratio: 1610 \/ 2560;\" data-src=\"https:\/\/therezia.ro\/wp-content\/uploads\/2025\/04\/paste-1-scaled.jpg\" loading=\"eager\" data-srcset=\"https:\/\/therezia.ro\/wp-content\/uploads\/2025\/04\/paste-1-scaled.jpg 1610w, https:\/\/therezia.ro\/wp-content\/uploads\/2025\/04\/paste-1-189x300.jpg 189w, https:\/\/therezia.ro\/wp-content\/uploads\/2025\/04\/paste-1-644x1024.jpg 644w, https:\/\/therezia.ro\/wp-content\/uploads\/2025\/04\/paste-1-768x1221.jpg 768w, https:\/\/therezia.ro\/wp-content\/uploads\/2025\/04\/paste-1-966x1536.jpg 966w, https:\/\/therezia.ro\/wp-content\/uploads\/2025\/04\/paste-1-1288x2048.jpg 1288w, https:\/\/therezia.ro\/wp-content\/uploads\/2025\/04\/paste-1-1200x1908.jpg 1200w\" \/><\/a>\n\t\t<\/div>\n\t<\/div>\n\n\n<div class=\"post-entry-content\">\n\n\t<h3 class=\"ele-entry-title\"><a href=\"https:\/\/therezia.ro\/hu\/the7_project\/paste-cu-branza-si-slanina-afumata\/\" rel=\"bookmark\" title=\"Sajtos t\u00e9szta \u2013 Therezia m\u00f3dra\">Sajtos t\u00e9szta \u2013 Therezia m\u00f3dra<\/a><\/h3><a href=\"https:\/\/therezia.ro\/hu\/the7_project\/paste-cu-branza-si-slanina-afumata\/\" target=\"\" aria-label=\"Read more about Sajtos t\u00e9szta \u2013 Therezia m\u00f3dra\" class=\"box-button elementor-button elementor-size-sm\">Megtekint\u00e9s<\/a>\n<\/div><\/article><\/div><div class=\"visible wf-cell iso-item\" data-post-id=\"96659\" data-date=\"2025-04-08T12:27:11+00:00\" data-name=\"Brokkolikr\u00e9mleves Therezia tejf\u00f6llel\"><article class=\"post visible post-96659 the7_project type-the7_project status-publish has-post-thumbnail hentry\" data-name=\"Brokkolikr\u00e9mleves Therezia tejf\u00f6llel\" data-date=\"2025-04-08T12:27:11+00:00\">\n\n\t<div class=\"post-thumbnail-wrap\">\n\t\t<div class=\"post-thumbnail\">\n\n\t\t\t<a class=\"post-thumbnail-rollover layzr-bg img-css-resize-wrapper\" aria-label=\"Post image\" href=\"https:\/\/therezia.ro\/hu\/the7_project\/supa-crema-de-broccoli-cu-smantana-therezia\/\"><img decoding=\"async\" width=\"1634\" height=\"2560\" src=\"data:image\/svg+xml,%3Csvg%20xmlns%3D&#039;http%3A%2F%2Fwww.w3.org%2F2000%2Fsvg&#039;%20viewBox%3D&#039;0%200%201634%202560&#039;%2F%3E\" class=\"attachment-full size-full preload-me aspect lazy lazy-load\" alt=\"\" sizes=\"(max-width: 1634px) 100vw, 1634px\" style=\"--ratio: 1634 \/ 2560;\" data-src=\"https:\/\/therezia.ro\/wp-content\/uploads\/2025\/04\/Supa-crema-de-broccoli-cu-smantana-Therezia-scaled.jpg\" loading=\"eager\" data-srcset=\"https:\/\/therezia.ro\/wp-content\/uploads\/2025\/04\/Supa-crema-de-broccoli-cu-smantana-Therezia-scaled.jpg 1634w, https:\/\/therezia.ro\/wp-content\/uploads\/2025\/04\/Supa-crema-de-broccoli-cu-smantana-Therezia-192x300.jpg 192w, https:\/\/therezia.ro\/wp-content\/uploads\/2025\/04\/Supa-crema-de-broccoli-cu-smantana-Therezia-654x1024.jpg 654w, https:\/\/therezia.ro\/wp-content\/uploads\/2025\/04\/Supa-crema-de-broccoli-cu-smantana-Therezia-768x1203.jpg 768w, https:\/\/therezia.ro\/wp-content\/uploads\/2025\/04\/Supa-crema-de-broccoli-cu-smantana-Therezia-980x1536.jpg 980w, https:\/\/therezia.ro\/wp-content\/uploads\/2025\/04\/Supa-crema-de-broccoli-cu-smantana-Therezia-1307x2048.jpg 1307w, https:\/\/therezia.ro\/wp-content\/uploads\/2025\/04\/Supa-crema-de-broccoli-cu-smantana-Therezia-1200x1880.jpg 1200w\" \/><\/a>\n\t\t<\/div>\n\t<\/div>\n\n\n<div class=\"post-entry-content\">\n\n\t<h3 class=\"ele-entry-title\"><a href=\"https:\/\/therezia.ro\/hu\/the7_project\/supa-crema-de-broccoli-cu-smantana-therezia\/\" rel=\"bookmark\" title=\"Brokkolikr\u00e9mleves Therezia tejf\u00f6llel\">Brokkolikr\u00e9mleves Therezia tejf\u00f6llel<\/a><\/h3><a href=\"https:\/\/therezia.ro\/hu\/the7_project\/supa-crema-de-broccoli-cu-smantana-therezia\/\" target=\"\" aria-label=\"Read more about Brokkolikr\u00e9mleves Therezia tejf\u00f6llel\" class=\"box-button elementor-button elementor-size-sm\">Megtekint\u00e9s<\/a>\n<\/div><\/article><\/div><div class=\"visible wf-cell iso-item\" data-post-id=\"96658\" data-date=\"2025-04-08T12:29:17+00:00\" data-name=\"Fond\u00fc Therezia sajtokb\u00f3l\"><article class=\"post visible post-96658 the7_project type-the7_project status-publish has-post-thumbnail hentry\" data-name=\"Fond\u00fc Therezia sajtokb\u00f3l\" data-date=\"2025-04-08T12:29:17+00:00\">\n\n\t<div class=\"post-thumbnail-wrap\">\n\t\t<div class=\"post-thumbnail\">\n\n\t\t\t<a class=\"post-thumbnail-rollover layzr-bg img-css-resize-wrapper\" aria-label=\"Post image\" href=\"https:\/\/therezia.ro\/hu\/the7_project\/fondue-cu-branzeturi-therezia\/\"><img decoding=\"async\" width=\"1635\" height=\"2560\" src=\"data:image\/svg+xml,%3Csvg%20xmlns%3D&#039;http%3A%2F%2Fwww.w3.org%2F2000%2Fsvg&#039;%20viewBox%3D&#039;0%200%201635%202560&#039;%2F%3E\" class=\"attachment-full size-full preload-me aspect lazy lazy-load\" alt=\"\" sizes=\"(max-width: 1635px) 100vw, 1635px\" style=\"--ratio: 1635 \/ 2560;\" data-src=\"https:\/\/therezia.ro\/wp-content\/uploads\/2025\/04\/fundue-scaled.jpg\" loading=\"eager\" data-srcset=\"https:\/\/therezia.ro\/wp-content\/uploads\/2025\/04\/fundue-scaled.jpg 1635w, https:\/\/therezia.ro\/wp-content\/uploads\/2025\/04\/fundue-192x300.jpg 192w, https:\/\/therezia.ro\/wp-content\/uploads\/2025\/04\/fundue-654x1024.jpg 654w, https:\/\/therezia.ro\/wp-content\/uploads\/2025\/04\/fundue-768x1202.jpg 768w, https:\/\/therezia.ro\/wp-content\/uploads\/2025\/04\/fundue-981x1536.jpg 981w, https:\/\/therezia.ro\/wp-content\/uploads\/2025\/04\/fundue-1308x2048.jpg 1308w, https:\/\/therezia.ro\/wp-content\/uploads\/2025\/04\/fundue-1200x1879.jpg 1200w\" \/><\/a>\n\t\t<\/div>\n\t<\/div>\n\n\n<div class=\"post-entry-content\">\n\n\t<h3 class=\"ele-entry-title\"><a href=\"https:\/\/therezia.ro\/hu\/the7_project\/fondue-cu-branzeturi-therezia\/\" rel=\"bookmark\" title=\"Fond\u00fc Therezia sajtokb\u00f3l\">Fond\u00fc Therezia sajtokb\u00f3l<\/a><\/h3><a href=\"https:\/\/therezia.ro\/hu\/the7_project\/fondue-cu-branzeturi-therezia\/\" target=\"\" aria-label=\"Read more about Fond\u00fc Therezia sajtokb\u00f3l\" class=\"box-button elementor-button elementor-size-sm\">Megtekint\u00e9s<\/a>\n<\/div><\/article><\/div><div class=\"visible wf-cell iso-item\" data-post-id=\"96532\" data-date=\"2025-04-08T12:35:06+00:00\" data-name=\"Brokkolis t\u00e9szta Therezia sajtokkal\"><article class=\"post visible post-96532 the7_project type-the7_project status-publish has-post-thumbnail hentry\" data-name=\"Brokkolis t\u00e9szta Therezia sajtokkal\" data-date=\"2025-04-08T12:35:06+00:00\">\n\n\t<div class=\"post-thumbnail-wrap\">\n\t\t<div class=\"post-thumbnail\">\n\n\t\t\t<a class=\"post-thumbnail-rollover layzr-bg img-css-resize-wrapper\" aria-label=\"Post image\" href=\"https:\/\/therezia.ro\/hu\/the7_project\/paste-cu-broccoli-si-branzeturi-therezia\/\"><img decoding=\"async\" width=\"1634\" height=\"2560\" src=\"data:image\/svg+xml,%3Csvg%20xmlns%3D&#039;http%3A%2F%2Fwww.w3.org%2F2000%2Fsvg&#039;%20viewBox%3D&#039;0%200%201634%202560&#039;%2F%3E\" class=\"attachment-full size-full preload-me aspect lazy lazy-load\" alt=\"\" sizes=\"(max-width: 1634px) 100vw, 1634px\" style=\"--ratio: 1634 \/ 2560;\" data-src=\"https:\/\/therezia.ro\/wp-content\/uploads\/2025\/04\/paste-cu-brocoli-scaled.jpg\" loading=\"eager\" data-srcset=\"https:\/\/therezia.ro\/wp-content\/uploads\/2025\/04\/paste-cu-brocoli-scaled.jpg 1634w, https:\/\/therezia.ro\/wp-content\/uploads\/2025\/04\/paste-cu-brocoli-192x300.jpg 192w, https:\/\/therezia.ro\/wp-content\/uploads\/2025\/04\/paste-cu-brocoli-654x1024.jpg 654w, https:\/\/therezia.ro\/wp-content\/uploads\/2025\/04\/paste-cu-brocoli-768x1203.jpg 768w, https:\/\/therezia.ro\/wp-content\/uploads\/2025\/04\/paste-cu-brocoli-980x1536.jpg 980w, https:\/\/therezia.ro\/wp-content\/uploads\/2025\/04\/paste-cu-brocoli-1307x2048.jpg 1307w, https:\/\/therezia.ro\/wp-content\/uploads\/2025\/04\/paste-cu-brocoli-1200x1880.jpg 1200w\" \/><\/a>\n\t\t<\/div>\n\t<\/div>\n\n\n<div class=\"post-entry-content\">\n\n\t<h3 class=\"ele-entry-title\"><a href=\"https:\/\/therezia.ro\/hu\/the7_project\/paste-cu-broccoli-si-branzeturi-therezia\/\" rel=\"bookmark\" title=\"Brokkolis t\u00e9szta Therezia sajtokkal\">Brokkolis t\u00e9szta Therezia sajtokkal<\/a><\/h3><a href=\"https:\/\/therezia.ro\/hu\/the7_project\/paste-cu-broccoli-si-branzeturi-therezia\/\" target=\"\" aria-label=\"Read more about Brokkolis t\u00e9szta Therezia sajtokkal\" class=\"box-button elementor-button elementor-size-sm\">Megtekint\u00e9s<\/a>\n<\/div><\/article><\/div><\/div><!-- iso-container|iso-grid --><\/div>\t\t\t\t<\/div>\n\t\t\t\t<\/div>\n\t\t\t\t\t<\/div>\n\t\t\t\t<\/div>\n\t\t\t\t<\/div>\n\t\t","protected":false},"excerpt":{"rendered":"<p>Friss asztali tejterm\u00e9kek Azoknak k\u00e9sz\u00fcltek, akik szeretik a term\u00e9szetes frissess\u00e9get. A Therezia friss tejterm\u00e9kei \u2013 az ord\u00e1t\u00f3l a vajig \u2013 t\u00f6k\u00e9letesek egy eg\u00e9szs\u00e9ges, kiegyens\u00falyozott \u00e9trendhez. TERM\u00c9KK\u00cdN\u00c1LAT Teh\u00e9ntejb\u0151l K\u00e9sz\u00fclt Telemea Despre produs Juhtejb\u0151l k\u00e9sz\u00fclt Telemea Despre produs Kecsketejb\u0151l k\u00e9sz\u00fclt Telemea \u2013 Therezia Despre produs Therezia Vaj 65%-os zs\u00edrtartalommal Despre produs Therezia Vaj 82%-os zs\u00edrtartalommal Despre produs&hellip;<\/p>\n","protected":false},"author":1,"featured_media":0,"parent":0,"menu_order":0,"comment_status":"closed","ping_status":"closed","template":"elementor_header_footer","meta":{"inline_featured_image":false,"footnotes":""},"class_list":["post-96312","page","type-page","status-publish","hentry"],"_links":{"self":[{"href":"https:\/\/therezia.ro\/hu\/wp-json\/wp\/v2\/pages\/96312","targetHints":{"allow":["GET"]}}],"collection":[{"href":"https:\/\/therezia.ro\/hu\/wp-json\/wp\/v2\/pages"}],"about":[{"href":"https:\/\/therezia.ro\/hu\/wp-json\/wp\/v2\/types\/page"}],"author":[{"embeddable":true,"href":"https:\/\/therezia.ro\/hu\/wp-json\/wp\/v2\/users\/1"}],"replies":[{"embeddable":true,"href":"https:\/\/therezia.ro\/hu\/wp-json\/wp\/v2\/comments?post=96312"}],"version-history":[{"count":8,"href":"https:\/\/therezia.ro\/hu\/wp-json\/wp\/v2\/pages\/96312\/revisions"}],"predecessor-version":[{"id":96794,"href":"https:\/\/therezia.ro\/hu\/wp-json\/wp\/v2\/pages\/96312\/revisions\/96794"}],"wp:attachment":[{"href":"https:\/\/therezia.ro\/hu\/wp-json\/wp\/v2\/media?parent=96312"}],"curies":[{"name":"wp","href":"https:\/\/api.w.org\/{rel}","templated":true}]}}