{"id":96318,"date":"2020-11-04T18:55:12","date_gmt":"2020-11-04T18:55:12","guid":{"rendered":"http:\/\/therezia.ro\/contact\/"},"modified":"2025-05-20T08:25:54","modified_gmt":"2025-05-20T08:25:54","slug":"kapcsolat","status":"publish","type":"page","link":"https:\/\/therezia.ro\/hu\/kapcsolat\/","title":{"rendered":"Kapcsolat"},"content":{"rendered":"\t\t<div data-elementor-type=\"wp-page\" data-elementor-id=\"96318\" class=\"elementor elementor-96318 elementor-7532\" data-elementor-post-type=\"page\">\n\t\t\t\t<div class=\"elementor-element elementor-element-d17f965 e-flex e-con-boxed e-con e-parent\" data-id=\"d17f965\" data-element_type=\"container\">\n\t\t\t\t\t<div class=\"e-con-inner\">\n\t\t<div class=\"elementor-element elementor-element-19c1ab8 e-con-full e-flex e-con e-child\" data-id=\"19c1ab8\" data-element_type=\"container\">\n\t\t\t\t<div class=\"elementor-element elementor-element-b47d526 elementor-widget elementor-widget-heading\" data-id=\"b47d526\" data-element_type=\"widget\" data-widget_type=\"heading.default\">\n\t\t\t\t<div class=\"elementor-widget-container\">\n\t\t\t\t\t<h1 class=\"elementor-heading-title elementor-size-default\">Kapcsolat<\/h1>\t\t\t\t<\/div>\n\t\t\t\t<\/div>\n\t\t\t\t<div class=\"elementor-element elementor-element-49d9c71 elementor-widget elementor-widget-text-editor\" data-id=\"49d9c71\" data-element_type=\"widget\" data-widget_type=\"text-editor.default\">\n\t\t\t\t<div class=\"elementor-widget-container\">\n\t\t\t\t\t\t\t\t\t<p><span style=\"font-weight: 400;\">Ha k\u00e9rd\u00e9sed van, javaslatot k\u00fclden\u00e9l, vagy egy\u00fcttm\u0171k\u00f6dn\u00e9l vel\u00fcnk, \u00edrj b\u00e1tran!<\/span><span style=\"font-weight: 400;\"><br \/><\/span><span style=\"font-weight: 400;\">T\u00f6ltsd ki az \u0171rlapot, \u00e9s hamarosan felvessz\u00fck veled a kapcsolatot.<\/span><\/p>\t\t\t\t\t\t\t\t<\/div>\n\t\t\t\t<\/div>\n\t\t\t\t<\/div>\n\t\t<div class=\"elementor-element elementor-element-c5f5221 e-con-full e-flex e-con e-child\" data-id=\"c5f5221\" data-element_type=\"container\">\n\t\t\t\t<div class=\"elementor-element elementor-element-1ca71c8 elementor-button-align-stretch elementor-widget elementor-widget-form\" data-id=\"1ca71c8\" data-element_type=\"widget\" data-settings=\"{&quot;step_next_label&quot;:&quot;Next&quot;,&quot;step_previous_label&quot;:&quot;Previous&quot;,&quot;button_width&quot;:&quot;100&quot;,&quot;step_type&quot;:&quot;number_text&quot;,&quot;step_icon_shape&quot;:&quot;circle&quot;}\" data-widget_type=\"form.default\">\n\t\t\t\t<div class=\"elementor-widget-container\">\n\t\t\t\t\t\t\t<form class=\"elementor-form\" method=\"post\" name=\"New Form\">\n\t\t\t<input type=\"hidden\" name=\"post_id\" value=\"96318\"\/>\n\t\t\t<input type=\"hidden\" name=\"form_id\" value=\"1ca71c8\"\/>\n\t\t\t<input type=\"hidden\" name=\"referer_title\" value=\"\" \/>\n\n\t\t\t\n\t\t\t<div class=\"elementor-form-fields-wrapper elementor-labels-above\">\n\t\t\t\t\t\t\t\t<div class=\"elementor-field-type-text elementor-field-group elementor-column elementor-field-group-name elementor-col-50 elementor-field-required elementor-mark-required\">\n\t\t\t\t\t\t\t\t\t\t\t\t\t<input size=\"1\" type=\"text\" name=\"form_fields[name]\" id=\"form-field-name\" class=\"elementor-field elementor-size-md  elementor-field-textual\" placeholder=\"N\u00e9v\" required=\"required\" aria-required=\"true\">\n\t\t\t\t\t\t\t\t\t\t\t<\/div>\n\t\t\t\t\t\t\t\t<div class=\"elementor-field-type-email elementor-field-group elementor-column elementor-field-group-field_600c39e elementor-col-50\">\n\t\t\t\t\t\t\t\t\t\t\t\t\t<input size=\"1\" type=\"email\" name=\"form_fields[field_600c39e]\" id=\"form-field-field_600c39e\" class=\"elementor-field elementor-size-md  elementor-field-textual\" placeholder=\"E-mail\">\n\t\t\t\t\t\t\t\t\t\t\t<\/div>\n\t\t\t\t\t\t\t\t<div class=\"elementor-field-type-textarea elementor-field-group elementor-column elementor-field-group-field_ae0491c elementor-col-100\">\n\t\t\t\t\t<textarea class=\"elementor-field-textual elementor-field  elementor-size-md\" name=\"form_fields[field_ae0491c]\" id=\"form-field-field_ae0491c\" rows=\"6\" placeholder=\"\u00dczenet\"><\/textarea>\t\t\t\t<\/div>\n\t\t\t\t\t\t\t\t<div class=\"elementor-field-type-checkbox elementor-field-group elementor-column elementor-field-group-field_8b02f01 elementor-col-100\">\n\t\t\t\t\t<div class=\"elementor-field-subgroup  elementor-subgroup-inline\"><span class=\"elementor-field-option\"><input type=\"checkbox\" value=\"Fogyaszt\u00f3k\u00e9nt \u00edrok\" id=\"form-field-field_8b02f01-0\" name=\"form_fields[field_8b02f01][]\"> <label for=\"form-field-field_8b02f01-0\">Fogyaszt\u00f3k\u00e9nt \u00edrok<\/label><\/span><span class=\"elementor-field-option\"><input type=\"checkbox\" value=\"Partnerk\u00e9nt \u00edrok\" id=\"form-field-field_8b02f01-1\" name=\"form_fields[field_8b02f01][]\"> <label for=\"form-field-field_8b02f01-1\">Partnerk\u00e9nt \u00edrok<\/label><\/span><\/div>\t\t\t\t<\/div>\n\t\t\t\t\t\t\t\t<div class=\"elementor-field-group elementor-column elementor-field-type-submit elementor-col-100 e-form__buttons\">\n\t\t\t\t\t<button type=\"submit\" class=\"elementor-button elementor-size-lg\">\n\t\t\t\t\t\t<span >\n\t\t\t\t\t\t\t\t\t\t\t\t\t\t\t<span class=\" elementor-button-icon\">\n\t\t\t\t\t\t\t\t\t\t\t\t\t\t\t\t\t\t\t\t\t\t\t\t\t\t<\/span>\n\t\t\t\t\t\t\t\t\t\t\t\t\t\t\t\t\t\t\t\t\t\t<span class=\"elementor-button-text\">\u00dczenet elk\u00fcld\u00e9se<\/span>\n\t\t\t\t\t\t\t\t\t\t\t\t\t<\/span>\n\t\t\t\t\t<\/button>\n\t\t\t\t<\/div>\n\t\t\t<\/div>\n\t\t<\/form>\n\t\t\t\t\t\t<\/div>\n\t\t\t\t<\/div>\n\t\t\t\t<\/div>\n\t\t\t\t\t<\/div>\n\t\t\t\t<\/div>\n\t\t<div class=\"elementor-element elementor-element-15b0bb6 e-con-full e-flex e-con e-parent\" data-id=\"15b0bb6\" data-element_type=\"container\" data-settings=\"{&quot;background_background&quot;:&quot;classic&quot;}\">\n\t\t<div class=\"elementor-element elementor-element-5b121d4 e-con-full e-flex e-con e-child\" data-id=\"5b121d4\" data-element_type=\"container\">\n\t\t\t\t<div class=\"elementor-element elementor-element-3d5fb3f elementor-widget__width-initial elementor-widget elementor-widget-text-editor\" data-id=\"3d5fb3f\" data-element_type=\"widget\" data-widget_type=\"text-editor.default\">\n\t\t\t\t<div class=\"elementor-widget-container\">\n\t\t\t\t\t\t\t\t\t<p><strong>C\u00e9gadatok:<\/strong><\/p>\t\t\t\t\t\t\t\t<\/div>\n\t\t\t\t<\/div>\n\t\t\t\t<div class=\"elementor-element elementor-element-01f67d5 elementor-widget__width-initial elementor-widget elementor-widget-text-editor\" data-id=\"01f67d5\" data-element_type=\"widget\" id=\"contactText\" data-widget_type=\"text-editor.default\">\n\t\t\t\t<div class=\"elementor-widget-container\">\n\t\t\t\t\t\t\t\t\t<p><strong>C\u00edm:<\/strong><\/p><ul><li>S.C. Therezia Prodcom S.R.L.<br \/>547450 P\u0103net, Nr. 404, Jud. Mure\u015f<br \/>Rom\u00e2nia<\/li><\/ul><p><strong>C\u00e9gsz\u00e1m:<\/strong><\/p><ul><li>J1994001177261<\/li><\/ul><p><strong>Ad\u00f3sz\u00e1m :<\/strong><\/p><ul><li>RO 6525450<\/li><\/ul><p><strong>E-mail:<\/strong><\/p><ul><li>Vezet\u0151s\u00e9g:\u00a0<a href=\"mailto:therezia@therezia.ro\">therezia@therezia.ro<\/a><\/li><li>Kereskedelmi oszt\u00e1ly:\u00a0<a href=\"mailto:comercial@therezia.ro\">comercial@therezia.ro<\/a><\/li><li>Min\u0151s\u00e9gbiztos\u00edt\u00e1s:\u00a0<a href=\"mailto:calitate@therezia.ro\">calitate@therezia.ro<\/a><\/li><li>Gy\u00e1rt\u00e1si r\u00e9szleg:\u00a0<a href=\"mailto:productie@therezia.ro\">productie@therezia.ro<\/a><\/li><li>Laborat\u00f3rium:\u00a0<a href=\"mailto:laborator@therezia.ro\">laborator@therezia.ro\u2028<\/a><\/li><\/ul><p><strong>Telefon:<\/strong><\/p><ul><li>+40 265 322440 \/ 322441 \/ 322442<\/li><\/ul><p><strong>Fax:<\/strong><\/p><ul><li>+40 265 322443<\/li><li>\u00a0<\/li><\/ul>\t\t\t\t\t\t\t\t<\/div>\n\t\t\t\t<\/div>\n\t\t\t\t<\/div>\n\t\t<div class=\"elementor-element elementor-element-2be5124 e-con-full e-flex e-con e-child\" data-id=\"2be5124\" data-element_type=\"container\" data-settings=\"{&quot;background_background&quot;:&quot;classic&quot;}\">\n\t\t\t\t<div class=\"elementor-element elementor-element-cf946b3 elementor-widget elementor-widget-google_maps\" data-id=\"cf946b3\" data-element_type=\"widget\" data-widget_type=\"google_maps.default\">\n\t\t\t\t<div class=\"elementor-widget-container\">\n\t\t\t\t\t\t\t<div class=\"elementor-custom-embed\">\n\t\t\t<iframe loading=\"lazy\"\n\t\t\t\t\tsrc=\"https:\/\/maps.google.com\/maps?q=Therezia%20Prod%20Com%20S.R.L.%2C%20Str.%20Mare%2C%20404%2C%20Com.%20Panet%2C%20Mures%2C%20547450%2C%20P%C4%83net&#038;t=m&#038;z=15&#038;output=embed&#038;iwloc=near\"\n\t\t\t\t\ttitle=\"Therezia Prod Com S.R.L., Str. Mare, 404, Com. Panet, Mures, 547450, P\u0103net\"\n\t\t\t\t\taria-label=\"Therezia Prod Com S.R.L., Str. Mare, 404, Com. Panet, Mures, 547450, P\u0103net\"\n\t\t\t><\/iframe>\n\t\t<\/div>\n\t\t\t\t\t\t<\/div>\n\t\t\t\t<\/div>\n\t\t\t\t<\/div>\n\t\t\t\t<\/div>\n\t\t<div class=\"elementor-element elementor-element-d253d30 e-flex e-con-boxed e-con e-parent\" data-id=\"d253d30\" data-element_type=\"container\">\n\t\t\t\t\t<div class=\"e-con-inner\">\n\t\t\t\t<div class=\"elementor-element elementor-element-ab226da elementor-icon-list--layout-inline elementor-align-center elementor-list-item-link-full_width elementor-widget elementor-widget-icon-list\" data-id=\"ab226da\" data-element_type=\"widget\" data-widget_type=\"icon-list.default\">\n\t\t\t\t<div class=\"elementor-widget-container\">\n\t\t\t\t\t\t\t<ul class=\"elementor-icon-list-items elementor-inline-items\">\n\t\t\t\t\t\t\t<li class=\"elementor-icon-list-item elementor-inline-item\">\n\t\t\t\t\t\t\t\t\t\t\t<a href=\"https:\/\/www.facebook.com\/therezia1994\/\" target=\"_blank\" rel=\"nofollow\">\n\n\t\t\t\t\t\t\t\t\t\t\t\t<span class=\"elementor-icon-list-icon\">\n\t\t\t\t\t\t\t<svg xmlns=\"http:\/\/www.w3.org\/2000\/svg\" width=\"73\" height=\"74\" viewBox=\"0 0 73 74\" fill=\"none\"><path d=\"M36.2539 0.876953C29.1095 0.876953 22.1254 2.99553 16.185 6.96478C10.2446 10.934 5.61465 16.5757 2.88058 23.1763C0.146511 29.7769 -0.568846 37.0401 0.82497 44.0473C2.21879 51.0544 5.65917 57.491 10.7111 62.5429C15.763 67.5947 22.1995 71.0351 29.2067 72.429C36.2139 73.8228 43.477 73.1074 50.0776 70.3733C56.6782 67.6393 62.3199 63.0093 66.2891 57.0689C70.2584 51.1285 72.377 44.1445 72.377 37C72.377 27.4196 68.5712 18.2315 61.7968 11.4571C55.0224 4.68276 45.8344 0.876953 36.2539 0.876953ZM46.53 24.3855C46.53 25.0651 46.2448 25.3361 45.5794 25.3361C44.3008 25.3361 43.0222 25.3361 41.7484 25.3883C40.4746 25.4406 39.7807 26.0205 39.7807 27.3513C39.7522 28.7773 39.7807 30.1746 39.7807 31.6291H45.2514C46.0309 31.6291 46.2971 31.8952 46.2971 32.6795C46.2971 34.5807 46.2971 36.4914 46.2971 38.4117C46.2971 39.1864 46.0499 39.4288 45.2657 39.4336H39.7331V54.8999C39.7331 55.727 39.4765 55.9884 38.659 55.9884H32.7082C31.9905 55.9884 31.71 55.7079 31.71 54.9902V39.4573H26.9855C26.244 39.4573 25.9779 39.1864 25.9779 38.4402C25.9779 36.5168 25.9779 34.595 25.9779 32.6747C25.9779 31.9333 26.2583 31.6528 26.9903 31.6528H31.71V27.4939C31.654 25.6258 32.1022 23.7771 33.0076 22.142C33.9488 20.4913 35.4569 19.2382 37.2521 18.6153C38.4171 18.1914 39.6484 17.9789 40.8881 17.9879H45.5604C46.2305 17.9879 46.511 18.2826 46.511 18.9385C46.5347 20.7684 46.5347 22.5793 46.53 24.3855Z\" fill=\"#C29D68\"><\/path><\/svg>\t\t\t\t\t\t<\/span>\n\t\t\t\t\t\t\t\t\t\t<span class=\"elementor-icon-list-text\"><\/span>\n\t\t\t\t\t\t\t\t\t\t\t<\/a>\n\t\t\t\t\t\t\t\t\t<\/li>\n\t\t\t\t\t\t<\/ul>\n\t\t\t\t\t\t<\/div>\n\t\t\t\t<\/div>\n\t\t\t\t<div class=\"elementor-element elementor-element-2b3319f elementor-widget__width-initial elementor-widget elementor-widget-heading\" data-id=\"2b3319f\" data-element_type=\"widget\" data-widget_type=\"heading.default\">\n\t\t\t\t<div class=\"elementor-widget-container\">\n\t\t\t\t\t<h3 class=\"elementor-heading-title elementor-size-default\">K\u00f6vess minket a k\u00f6z\u00f6ss\u00e9gi m\u00e9di\u00e1ban!<\/h3>\t\t\t\t<\/div>\n\t\t\t\t<\/div>\n\t\t\t\t<div class=\"elementor-element elementor-element-fa98a0a elementor-widget elementor-widget-text-editor\" data-id=\"fa98a0a\" data-element_type=\"widget\" data-widget_type=\"text-editor.default\">\n\t\t\t\t<div class=\"elementor-widget-container\">\n\t\t\t\t\t\t\t\t\t<p><span style=\"font-weight: 400;\">Maradj kapcsolatban a<em><strong> therezi\u00e1val<\/strong> <\/em>\u2013 hagyom\u00e1ny \u00e9s min\u0151s\u00e9g minden egyes term\u00e9kben.<\/span><\/p>\t\t\t\t\t\t\t\t<\/div>\n\t\t\t\t<\/div>\n\t\t\t\t\t<\/div>\n\t\t\t\t<\/div>\n\t\t\t\t<\/div>\n\t\t","protected":false},"excerpt":{"rendered":"<p>Kapcsolat Ha k\u00e9rd\u00e9sed van, javaslatot k\u00fclden\u00e9l, vagy egy\u00fcttm\u0171k\u00f6dn\u00e9l vel\u00fcnk, \u00edrj b\u00e1tran!T\u00f6ltsd ki az \u0171rlapot, \u00e9s hamarosan felvessz\u00fck veled a kapcsolatot. C\u00e9gadatok: C\u00edm: S.C. Therezia Prodcom S.R.L.547450 P\u0103net, Nr. 404, Jud. Mure\u015fRom\u00e2nia C\u00e9gsz\u00e1m: J1994001177261 Ad\u00f3sz\u00e1m : RO 6525450 E-mail: Vezet\u0151s\u00e9g:\u00a0therezia@therezia.ro Kereskedelmi oszt\u00e1ly:\u00a0comercial@therezia.ro Min\u0151s\u00e9gbiztos\u00edt\u00e1s:\u00a0calitate@therezia.ro Gy\u00e1rt\u00e1si r\u00e9szleg:\u00a0productie@therezia.ro Laborat\u00f3rium:\u00a0laborator@therezia.ro\u2028 Telefon: +40 265 322440 \/ 322441 \/ 322442 Fax: +40&hellip;<\/p>\n","protected":false},"author":1,"featured_media":0,"parent":0,"menu_order":279,"comment_status":"closed","ping_status":"closed","template":"elementor_header_footer","meta":{"inline_featured_image":false,"footnotes":""},"class_list":["post-96318","page","type-page","status-publish","hentry"],"_links":{"self":[{"href":"https:\/\/therezia.ro\/hu\/wp-json\/wp\/v2\/pages\/96318","targetHints":{"allow":["GET"]}}],"collection":[{"href":"https:\/\/therezia.ro\/hu\/wp-json\/wp\/v2\/pages"}],"about":[{"href":"https:\/\/therezia.ro\/hu\/wp-json\/wp\/v2\/types\/page"}],"author":[{"embeddable":true,"href":"https:\/\/therezia.ro\/hu\/wp-json\/wp\/v2\/users\/1"}],"replies":[{"embeddable":true,"href":"https:\/\/therezia.ro\/hu\/wp-json\/wp\/v2\/comments?post=96318"}],"version-history":[{"count":28,"href":"https:\/\/therezia.ro\/hu\/wp-json\/wp\/v2\/pages\/96318\/revisions"}],"predecessor-version":[{"id":97039,"href":"https:\/\/therezia.ro\/hu\/wp-json\/wp\/v2\/pages\/96318\/revisions\/97039"}],"wp:attachment":[{"href":"https:\/\/therezia.ro\/hu\/wp-json\/wp\/v2\/media?parent=96318"}],"curies":[{"name":"wp","href":"https:\/\/api.w.org\/{rel}","templated":true}]}}