{"id":96346,"date":"2025-04-07T12:15:24","date_gmt":"2025-04-07T12:15:24","guid":{"rendered":"http:\/\/therezia.ro\/?post_type=product&#038;p=96346"},"modified":"2025-05-19T18:46:30","modified_gmt":"2025-05-19T18:46:30","slug":"cascaval-impletit-therezia","status":"publish","type":"product","link":"https:\/\/therezia.ro\/hu\/product\/cascaval-impletit-therezia\/","title":{"rendered":"F\u00fcst\u00f6lt Fonott Sajt"},"content":{"rendered":"<p><span style=\"font-weight: 400;\">Nem lenne teljes a Therezia F\u00fcst\u00f6lt Sajtjainak k\u00edn\u00e1lata a F\u00fcst\u00f6lt Fonott Sajt n\u00e9lk\u00fcl. K\u00fcl\u00f6nleges form\u00e1j\u00e1val \u00e9s egyedi karakter\u00e9vel a Therezia fonott sajtja a hagyom\u00e1nyos \u00a0erd\u00e9lyi sajtkult\u00far\u00e1t \u00f6tv\u00f6zi az erd\u00e9lyi t\u00e1jegys\u00e9g saj\u00e1tos \u00edzvil\u00e1g\u00e1val. Nemcsak l\u00e1tv\u00e1nyos, hanem gazdag, tiszta \u00e9s hiteles \u00edzvil\u00e1got is k\u00edn\u00e1l \u2013 egy igazi hagyom\u00e1ny\u0151rz\u0151 finoms\u00e1g, modern t\u00e1lal\u00e1sban.<\/span><\/p>\n","protected":false},"excerpt":{"rendered":"<p>Nem lenne teljes a Therezia F\u00fcst\u00f6lt Sajtjainak k\u00edn\u00e1lata a F\u00fcst\u00f6lt Fonott Sajt n\u00e9lk\u00fcl. K\u00fcl\u00f6nleges form\u00e1j\u00e1val \u00e9s egyedi karakter\u00e9vel a Therezia fonott sajtja a hagyom\u00e1nyos \u00a0erd\u00e9lyi sajtkult\u00far\u00e1t \u00f6tv\u00f6zi az erd\u00e9lyi t\u00e1jegys\u00e9g saj\u00e1tos \u00edzvil\u00e1g\u00e1val. Nemcsak l\u00e1tv\u00e1nyos, hanem gazdag, tiszta \u00e9s hiteles \u00edzvil\u00e1got is k\u00edn\u00e1l \u2013 egy igazi hagyom\u00e1ny\u0151rz\u0151 finoms\u00e1g, modern t\u00e1lal\u00e1sban.<\/p>\n","protected":false},"featured_media":96015,"comment_status":"open","ping_status":"closed","template":"","meta":{"inline_featured_image":false},"product_brand":[],"product_cat":[394],"product_tag":[],"class_list":{"0":"post-96346","1":"product","2":"type-product","3":"status-publish","4":"has-post-thumbnail","6":"product_cat-sajtok","7":"description-off","9":"first","10":"instock","11":"shipping-taxable","12":"purchasable","13":"product-type-simple"},"_links":{"self":[{"href":"https:\/\/therezia.ro\/hu\/wp-json\/wp\/v2\/product\/96346","targetHints":{"allow":["GET"]}}],"collection":[{"href":"https:\/\/therezia.ro\/hu\/wp-json\/wp\/v2\/product"}],"about":[{"href":"https:\/\/therezia.ro\/hu\/wp-json\/wp\/v2\/types\/product"}],"replies":[{"embeddable":true,"href":"https:\/\/therezia.ro\/hu\/wp-json\/wp\/v2\/comments?post=96346"}],"wp:featuredmedia":[{"embeddable":true,"href":"https:\/\/therezia.ro\/hu\/wp-json\/wp\/v2\/media\/96015"}],"wp:attachment":[{"href":"https:\/\/therezia.ro\/hu\/wp-json\/wp\/v2\/media?parent=96346"}],"wp:term":[{"taxonomy":"product_brand","embeddable":true,"href":"https:\/\/therezia.ro\/hu\/wp-json\/wp\/v2\/product_brand?post=96346"},{"taxonomy":"product_cat","embeddable":true,"href":"https:\/\/therezia.ro\/hu\/wp-json\/wp\/v2\/product_cat?post=96346"},{"taxonomy":"product_tag","embeddable":true,"href":"https:\/\/therezia.ro\/hu\/wp-json\/wp\/v2\/product_tag?post=96346"}],"curies":[{"name":"wp","href":"https:\/\/api.w.org\/{rel}","templated":true}]}}