{"id":96349,"date":"2025-04-16T10:07:00","date_gmt":"2025-04-16T10:07:00","guid":{"rendered":"http:\/\/therezia.ro\/product\/cascaval-thery\/"},"modified":"2025-05-19T18:47:09","modified_gmt":"2025-05-19T18:47:09","slug":"cascaval-thery","status":"publish","type":"product","link":"https:\/\/therezia.ro\/hu\/product\/cascaval-thery\/","title":{"rendered":"Thery sajt"},"content":{"rendered":"<p><span style=\"font-weight: 400;\">Finom text\u00far\u00e1j\u00e1val \u00e9s l\u00e1gy \u00edz\u00e9vel meg\u0151rzi az\u00a0erd\u00e9lyi tej esszenci\u00e1j\u00e1t. Kiegyens\u00falyozott, sokoldal\u00fa, t\u00f6k\u00e9letes a b\u00e1trabb \u00edzkombin\u00e1ci\u00f3khoz, de ide\u00e1lis mindennapi receptekhez is. 100%-ban term\u00e9szetes alapanyagokb\u00f3l felhaszn\u00e1l\u00e1s\u00e1val k\u00e9sz\u00fcl, ahogy annak egy j\u00f3 sajt eset\u00e9ben lenni kell.<\/span><\/p>\n","protected":false},"excerpt":{"rendered":"<p>Finom text\u00far\u00e1j\u00e1val \u00e9s l\u00e1gy \u00edz\u00e9vel meg\u0151rzi az\u00a0erd\u00e9lyi tej esszenci\u00e1j\u00e1t. Kiegyens\u00falyozott, sokoldal\u00fa, t\u00f6k\u00e9letes a b\u00e1trabb \u00edzkombin\u00e1ci\u00f3khoz, de ide\u00e1lis mindennapi receptekhez is. 100%-ban term\u00e9szetes alapanyagokb\u00f3l felhaszn\u00e1l\u00e1s\u00e1val k\u00e9sz\u00fcl, ahogy annak egy j\u00f3 sajt eset\u00e9ben lenni kell.<\/p>\n","protected":false},"featured_media":96135,"comment_status":"open","ping_status":"closed","template":"","meta":{"inline_featured_image":false},"product_brand":[],"product_cat":[394],"product_tag":[],"class_list":{"0":"post-96349","1":"product","2":"type-product","3":"status-publish","4":"has-post-thumbnail","6":"product_cat-sajtok","7":"description-off","9":"first","10":"instock","11":"shipping-taxable","12":"product-type-simple"},"_links":{"self":[{"href":"https:\/\/therezia.ro\/hu\/wp-json\/wp\/v2\/product\/96349","targetHints":{"allow":["GET"]}}],"collection":[{"href":"https:\/\/therezia.ro\/hu\/wp-json\/wp\/v2\/product"}],"about":[{"href":"https:\/\/therezia.ro\/hu\/wp-json\/wp\/v2\/types\/product"}],"replies":[{"embeddable":true,"href":"https:\/\/therezia.ro\/hu\/wp-json\/wp\/v2\/comments?post=96349"}],"wp:featuredmedia":[{"embeddable":true,"href":"https:\/\/therezia.ro\/hu\/wp-json\/wp\/v2\/media\/96135"}],"wp:attachment":[{"href":"https:\/\/therezia.ro\/hu\/wp-json\/wp\/v2\/media?parent=96349"}],"wp:term":[{"taxonomy":"product_brand","embeddable":true,"href":"https:\/\/therezia.ro\/hu\/wp-json\/wp\/v2\/product_brand?post=96349"},{"taxonomy":"product_cat","embeddable":true,"href":"https:\/\/therezia.ro\/hu\/wp-json\/wp\/v2\/product_cat?post=96349"},{"taxonomy":"product_tag","embeddable":true,"href":"https:\/\/therezia.ro\/hu\/wp-json\/wp\/v2\/product_tag?post=96349"}],"curies":[{"name":"wp","href":"https:\/\/api.w.org\/{rel}","templated":true}]}}