{"id":96352,"date":"2025-04-16T12:03:07","date_gmt":"2025-04-16T12:03:07","guid":{"rendered":"http:\/\/therezia.ro\/product\/cascaval-afumat-panet-vrac\/"},"modified":"2025-05-08T14:52:28","modified_gmt":"2025-05-08T14:52:28","slug":"cascaval-afumat-panet-vrac","status":"publish","type":"product","link":"https:\/\/therezia.ro\/hu\/product\/cascaval-afumat-panet-vrac\/","title":{"rendered":"Mez\u0151paniti F\u00fcst\u00f6lt Sajt (nagy kiszerel\u00e9s)"},"content":{"rendered":"<p><span style=\"font-weight: 400;\">Ugyanaz az \u00e9rett, kiegyens\u00falyozott \u00edz \u2013 nagyobb mennyis\u00e9gben.<br \/>\nA P\u0103net f\u00fcst\u00f6lt sajt \u00f6mlesztett v\u00e1ltozata t\u00f6k\u00e9letes v\u00e1laszt\u00e1s mindennapos felhaszn\u00e1l\u00e1sra, szeletel\u00e9sre vagy porci\u00f3z\u00e1sra.<br \/>\nA tej tiszta \u00edze finoman f\u00fcst\u00f6lt arom\u00e1val p\u00e1rosul, \u00e9s tov\u00e1bbra is meg\u0151rzi azt a kifinomults\u00e1got \u00e9s min\u0151s\u00e9get, amely a mez\u0151paniti receptet k\u00e9pviseli.<br \/>\nIde\u00e1lis \u00e9ttermeknek, delik\u00e1tesz boltoknak vagy el\u0151recsomagolt sajtk\u00edn\u00e1lathoz.<\/span><\/p>\n","protected":false},"excerpt":{"rendered":"<p>Ugyanaz az \u00e9rett, kiegyens\u00falyozott \u00edz \u2013 nagyobb mennyis\u00e9gben. A P\u0103net f\u00fcst\u00f6lt sajt \u00f6mlesztett v\u00e1ltozata t\u00f6k\u00e9letes v\u00e1laszt\u00e1s mindennapos felhaszn\u00e1l\u00e1sra, szeletel\u00e9sre vagy porci\u00f3z\u00e1sra. A tej tiszta \u00edze finoman f\u00fcst\u00f6lt arom\u00e1val p\u00e1rosul, \u00e9s tov\u00e1bbra is meg\u0151rzi azt a kifinomults\u00e1got \u00e9s min\u0151s\u00e9get, amely a mez\u0151paniti receptet k\u00e9pviseli. Ide\u00e1lis \u00e9ttermeknek, delik\u00e1tesz boltoknak vagy el\u0151recsomagolt sajtk\u00edn\u00e1lathoz.<\/p>\n","protected":false},"featured_media":96131,"comment_status":"open","ping_status":"closed","template":"","meta":{"inline_featured_image":false},"product_brand":[],"product_cat":[394],"product_tag":[],"class_list":{"0":"post-96352","1":"product","2":"type-product","3":"status-publish","4":"has-post-thumbnail","6":"product_cat-sajtok","7":"description-off","9":"first","10":"instock","11":"shipping-taxable","12":"purchasable","13":"product-type-simple"},"_links":{"self":[{"href":"https:\/\/therezia.ro\/hu\/wp-json\/wp\/v2\/product\/96352","targetHints":{"allow":["GET"]}}],"collection":[{"href":"https:\/\/therezia.ro\/hu\/wp-json\/wp\/v2\/product"}],"about":[{"href":"https:\/\/therezia.ro\/hu\/wp-json\/wp\/v2\/types\/product"}],"replies":[{"embeddable":true,"href":"https:\/\/therezia.ro\/hu\/wp-json\/wp\/v2\/comments?post=96352"}],"wp:featuredmedia":[{"embeddable":true,"href":"https:\/\/therezia.ro\/hu\/wp-json\/wp\/v2\/media\/96131"}],"wp:attachment":[{"href":"https:\/\/therezia.ro\/hu\/wp-json\/wp\/v2\/media?parent=96352"}],"wp:term":[{"taxonomy":"product_brand","embeddable":true,"href":"https:\/\/therezia.ro\/hu\/wp-json\/wp\/v2\/product_brand?post=96352"},{"taxonomy":"product_cat","embeddable":true,"href":"https:\/\/therezia.ro\/hu\/wp-json\/wp\/v2\/product_cat?post=96352"},{"taxonomy":"product_tag","embeddable":true,"href":"https:\/\/therezia.ro\/hu\/wp-json\/wp\/v2\/product_tag?post=96352"}],"curies":[{"name":"wp","href":"https:\/\/api.w.org\/{rel}","templated":true}]}}