{"id":96356,"date":"2025-04-07T12:44:30","date_gmt":"2025-04-07T12:44:30","guid":{"rendered":"http:\/\/therezia.ro\/product\/rulada-dalmy-cu-boia\/"},"modified":"2025-05-08T13:36:10","modified_gmt":"2025-05-08T13:36:10","slug":"rulada-dalmy-cu-boia","status":"publish","type":"product","link":"https:\/\/therezia.ro\/hu\/product\/rulada-dalmy-cu-boia\/","title":{"rendered":"Dalmy Paprik\u00e1s Sajtrol\u00e1d"},"content":{"rendered":"<p><span style=\"font-weight: 400;\">Egy \u00edz, amit nem lehet figyelmen k\u00edv\u00fcl hagyni.<br \/>\nA Dalmy paprik\u00e1s sajtrol\u00e1d intenz\u00edv, m\u00e9gis kiegyens\u00falyozott, t\u00f6k\u00e9letes v\u00e1laszt\u00e1s azoknak, akik szeretik a karakteresebb \u00edzvil\u00e1got. Ez a term\u00e9k az erd\u00e9lyi hagyom\u00e1nyok \u00fajragondolt v\u00e1ltozata, egy csipetnyi mer\u00e9szs\u00e9ggel f\u0171szerezve.<br \/>\nAz \u00edzvil\u00e1g Erd\u00e9lyb\u0151l \u00e9rkezik \u2013 onnan, ahol a sajtok t\u00f6rt\u00e9neteket mes\u00e9lnek.<br \/>\n<\/span><\/p>\n","protected":false},"excerpt":{"rendered":"<p>Egy \u00edz, amit nem lehet figyelmen k\u00edv\u00fcl hagyni. A Dalmy paprik\u00e1s sajtrol\u00e1d intenz\u00edv, m\u00e9gis kiegyens\u00falyozott, t\u00f6k\u00e9letes v\u00e1laszt\u00e1s azoknak, akik szeretik a karakteresebb \u00edzvil\u00e1got. Ez a term\u00e9k az erd\u00e9lyi hagyom\u00e1nyok \u00fajragondolt v\u00e1ltozata, egy csipetnyi mer\u00e9szs\u00e9ggel f\u0171szerezve. Az \u00edzvil\u00e1g Erd\u00e9lyb\u0151l \u00e9rkezik \u2013 onnan, ahol a sajtok t\u00f6rt\u00e9neteket mes\u00e9lnek.<\/p>\n","protected":false},"featured_media":96029,"comment_status":"open","ping_status":"closed","template":"","meta":{"inline_featured_image":false},"product_brand":[],"product_cat":[394],"product_tag":[],"class_list":{"0":"post-96356","1":"product","2":"type-product","3":"status-publish","4":"has-post-thumbnail","6":"product_cat-sajtok","7":"description-off","9":"first","10":"instock","11":"shipping-taxable","12":"purchasable","13":"product-type-simple"},"_links":{"self":[{"href":"https:\/\/therezia.ro\/hu\/wp-json\/wp\/v2\/product\/96356","targetHints":{"allow":["GET"]}}],"collection":[{"href":"https:\/\/therezia.ro\/hu\/wp-json\/wp\/v2\/product"}],"about":[{"href":"https:\/\/therezia.ro\/hu\/wp-json\/wp\/v2\/types\/product"}],"replies":[{"embeddable":true,"href":"https:\/\/therezia.ro\/hu\/wp-json\/wp\/v2\/comments?post=96356"}],"wp:featuredmedia":[{"embeddable":true,"href":"https:\/\/therezia.ro\/hu\/wp-json\/wp\/v2\/media\/96029"}],"wp:attachment":[{"href":"https:\/\/therezia.ro\/hu\/wp-json\/wp\/v2\/media?parent=96356"}],"wp:term":[{"taxonomy":"product_brand","embeddable":true,"href":"https:\/\/therezia.ro\/hu\/wp-json\/wp\/v2\/product_brand?post=96356"},{"taxonomy":"product_cat","embeddable":true,"href":"https:\/\/therezia.ro\/hu\/wp-json\/wp\/v2\/product_cat?post=96356"},{"taxonomy":"product_tag","embeddable":true,"href":"https:\/\/therezia.ro\/hu\/wp-json\/wp\/v2\/product_tag?post=96356"}],"curies":[{"name":"wp","href":"https:\/\/api.w.org\/{rel}","templated":true}]}}