{"id":96359,"date":"2025-04-07T12:45:54","date_gmt":"2025-04-07T12:45:54","guid":{"rendered":"http:\/\/therezia.ro\/product\/rulada-dalmy-cu-piper\/"},"modified":"2025-05-08T13:37:44","modified_gmt":"2025-05-08T13:37:44","slug":"rulada-dalmy-cu-piper","status":"publish","type":"product","link":"https:\/\/therezia.ro\/hu\/product\/rulada-dalmy-cu-piper\/","title":{"rendered":"Dalmy Bors\u00f3s Sajtrol\u00e1d"},"content":{"rendered":"<p><span style=\"font-weight: 400;\">Azoknak, akik nem el\u00e9gszenek meg a h\u00e9tk\u00f6znapi \u00edzekkel. A bors karaktert ad, m\u00e9gsem nyomja el a sajt term\u00e9szetes arom\u00e1it. A Dalmy Bors\u00f3s v\u00e1ltozata a hagyom\u00e1nyos erd\u00e9lyi sajtk\u00e9sz\u00edt\u00e9s mer\u00e9szebb arca \u2013 gazdag, f\u0171szeres, \u00e9s minden szelet\u00e9ben ott a mesters\u00e9g \u00e9s a szenved\u00e9ly.<\/span><\/p>\n","protected":false},"excerpt":{"rendered":"<p>Azoknak, akik nem el\u00e9gszenek meg a h\u00e9tk\u00f6znapi \u00edzekkel. A bors karaktert ad, m\u00e9gsem nyomja el a sajt term\u00e9szetes arom\u00e1it. A Dalmy Bors\u00f3s v\u00e1ltozata a hagyom\u00e1nyos erd\u00e9lyi sajtk\u00e9sz\u00edt\u00e9s mer\u00e9szebb arca \u2013 gazdag, f\u0171szeres, \u00e9s minden szelet\u00e9ben ott a mesters\u00e9g \u00e9s a szenved\u00e9ly.<\/p>\n","protected":false},"featured_media":96031,"comment_status":"open","ping_status":"closed","template":"","meta":{"inline_featured_image":false},"product_brand":[],"product_cat":[394],"product_tag":[],"class_list":{"0":"post-96359","1":"product","2":"type-product","3":"status-publish","4":"has-post-thumbnail","6":"product_cat-sajtok","7":"description-off","9":"first","10":"instock","11":"shipping-taxable","12":"purchasable","13":"product-type-simple"},"_links":{"self":[{"href":"https:\/\/therezia.ro\/hu\/wp-json\/wp\/v2\/product\/96359","targetHints":{"allow":["GET"]}}],"collection":[{"href":"https:\/\/therezia.ro\/hu\/wp-json\/wp\/v2\/product"}],"about":[{"href":"https:\/\/therezia.ro\/hu\/wp-json\/wp\/v2\/types\/product"}],"replies":[{"embeddable":true,"href":"https:\/\/therezia.ro\/hu\/wp-json\/wp\/v2\/comments?post=96359"}],"wp:featuredmedia":[{"embeddable":true,"href":"https:\/\/therezia.ro\/hu\/wp-json\/wp\/v2\/media\/96031"}],"wp:attachment":[{"href":"https:\/\/therezia.ro\/hu\/wp-json\/wp\/v2\/media?parent=96359"}],"wp:term":[{"taxonomy":"product_brand","embeddable":true,"href":"https:\/\/therezia.ro\/hu\/wp-json\/wp\/v2\/product_brand?post=96359"},{"taxonomy":"product_cat","embeddable":true,"href":"https:\/\/therezia.ro\/hu\/wp-json\/wp\/v2\/product_cat?post=96359"},{"taxonomy":"product_tag","embeddable":true,"href":"https:\/\/therezia.ro\/hu\/wp-json\/wp\/v2\/product_tag?post=96359"}],"curies":[{"name":"wp","href":"https:\/\/api.w.org\/{rel}","templated":true}]}}