{"id":96361,"date":"2025-04-07T12:37:47","date_gmt":"2025-04-07T12:37:47","guid":{"rendered":"http:\/\/therezia.ro\/product\/cascaval-afumat-therezia\/"},"modified":"2025-05-08T13:41:05","modified_gmt":"2025-05-08T13:41:05","slug":"cascaval-afumat-therezia","status":"publish","type":"product","link":"https:\/\/therezia.ro\/hu\/product\/cascaval-afumat-therezia\/","title":{"rendered":"Therezia F\u00fcst\u00f6lt Sajt"},"content":{"rendered":"<p><span style=\"font-weight: 400;\">\u00cdze mag\u00e1ban hordozza Erd\u00e9ly lelk\u00e9t \u2013 a tiszta legel\u0151k zamat\u00e1t hozza el az asztalodra. Klasszikus form\u00e1j\u00e1val \u00e9s kiegyens\u00falyozott f\u00fcst\u00f6s arom\u00e1j\u00e1val igazi visszatekint\u00e9s a hagyom\u00e1nyokra.<br \/>\nEz a sajt nemcsak \u00edz\u00e9ben, hanem jelenl\u00e9t\u00e9ben is karakteres: egy biztos v\u00e1laszt\u00e1s azoknak, akik \u00e9rt\u00e9kelik az id\u0151t, a gondoss\u00e1got \u00e9s az eredeti erd\u00e9lyi sajtkult\u00far\u00e1t. Egy igazi alapdarab a Therezia pr\u00e9mium f\u00fcst\u00f6lt k\u00edn\u00e1lat\u00e1ban.<br \/>\n<\/span><\/p>\n","protected":false},"excerpt":{"rendered":"<p>\u00cdze mag\u00e1ban hordozza Erd\u00e9ly lelk\u00e9t \u2013 a tiszta legel\u0151k zamat\u00e1t hozza el az asztalodra. Klasszikus form\u00e1j\u00e1val \u00e9s kiegyens\u00falyozott f\u00fcst\u00f6s arom\u00e1j\u00e1val igazi visszatekint\u00e9s a hagyom\u00e1nyokra. Ez a sajt nemcsak \u00edz\u00e9ben, hanem jelenl\u00e9t\u00e9ben is karakteres: egy biztos v\u00e1laszt\u00e1s azoknak, akik \u00e9rt\u00e9kelik az id\u0151t, a gondoss\u00e1got \u00e9s az eredeti erd\u00e9lyi sajtkult\u00far\u00e1t. Egy igazi alapdarab a Therezia pr\u00e9mium f\u00fcst\u00f6lt&hellip;<\/p>\n","protected":false},"featured_media":96019,"comment_status":"open","ping_status":"closed","template":"","meta":{"inline_featured_image":false},"product_brand":[],"product_cat":[394],"product_tag":[],"class_list":{"0":"post-96361","1":"product","2":"type-product","3":"status-publish","4":"has-post-thumbnail","6":"product_cat-sajtok","7":"description-off","9":"first","10":"instock","11":"shipping-taxable","12":"purchasable","13":"product-type-simple"},"_links":{"self":[{"href":"https:\/\/therezia.ro\/hu\/wp-json\/wp\/v2\/product\/96361","targetHints":{"allow":["GET"]}}],"collection":[{"href":"https:\/\/therezia.ro\/hu\/wp-json\/wp\/v2\/product"}],"about":[{"href":"https:\/\/therezia.ro\/hu\/wp-json\/wp\/v2\/types\/product"}],"replies":[{"embeddable":true,"href":"https:\/\/therezia.ro\/hu\/wp-json\/wp\/v2\/comments?post=96361"}],"wp:featuredmedia":[{"embeddable":true,"href":"https:\/\/therezia.ro\/hu\/wp-json\/wp\/v2\/media\/96019"}],"wp:attachment":[{"href":"https:\/\/therezia.ro\/hu\/wp-json\/wp\/v2\/media?parent=96361"}],"wp:term":[{"taxonomy":"product_brand","embeddable":true,"href":"https:\/\/therezia.ro\/hu\/wp-json\/wp\/v2\/product_brand?post=96361"},{"taxonomy":"product_cat","embeddable":true,"href":"https:\/\/therezia.ro\/hu\/wp-json\/wp\/v2\/product_cat?post=96361"},{"taxonomy":"product_tag","embeddable":true,"href":"https:\/\/therezia.ro\/hu\/wp-json\/wp\/v2\/product_tag?post=96361"}],"curies":[{"name":"wp","href":"https:\/\/api.w.org\/{rel}","templated":true}]}}