{"id":96382,"date":"2025-04-07T12:41:55","date_gmt":"2025-04-07T12:41:55","guid":{"rendered":"http:\/\/therezia.ro\/product\/mozzarella\/"},"modified":"2025-05-19T18:48:50","modified_gmt":"2025-05-19T18:48:50","slug":"mozzarella","status":"publish","type":"product","link":"https:\/\/therezia.ro\/hu\/product\/mozzarella\/","title":{"rendered":"Mozzarella"},"content":{"rendered":"<p><span style=\"font-weight: 400;\">Megid\u00e9zi Olaszorsz\u00e1g b\u00e1j\u00e1t, s k\u00f6zben meg\u0151rzi az\u00a0erd\u00e9lyi tej tisztas\u00e1g\u00e1t.<br \/>\nL\u00e1gy text\u00far\u00e1j\u00e1val, friss \u00edz\u00e9vel \u00e9s visszafogott arom\u00e1j\u00e1val t\u00f6k\u00e9letes v\u00e1laszt\u00e1s klasszikus fog\u00e1sokhoz \u2013 pizz\u00e1hoz, lasagn\u00e1hoz, t\u00e9szt\u00e1khoz \u2013, ugyanakkor egyszer\u0171bb p\u00e1ros\u00edt\u00e1sokban, p\u00e9ld\u00e1ul s\u00fclt paradicsommal, pir\u00edtott keny\u00e9ren, egy kev\u00e9s ol\u00edvaolajjal is mennyei.<\/span><\/p>\n","protected":false},"excerpt":{"rendered":"<p>Megid\u00e9zi Olaszorsz\u00e1g b\u00e1j\u00e1t, s k\u00f6zben meg\u0151rzi az\u00a0erd\u00e9lyi tej tisztas\u00e1g\u00e1t. L\u00e1gy text\u00far\u00e1j\u00e1val, friss \u00edz\u00e9vel \u00e9s visszafogott arom\u00e1j\u00e1val t\u00f6k\u00e9letes v\u00e1laszt\u00e1s klasszikus fog\u00e1sokhoz \u2013 pizz\u00e1hoz, lasagn\u00e1hoz, t\u00e9szt\u00e1khoz \u2013, ugyanakkor egyszer\u0171bb p\u00e1ros\u00edt\u00e1sokban, p\u00e9ld\u00e1ul s\u00fclt paradicsommal, pir\u00edtott keny\u00e9ren, egy kev\u00e9s ol\u00edvaolajjal is mennyei.<\/p>\n","protected":false},"featured_media":96027,"comment_status":"open","ping_status":"closed","template":"","meta":{"inline_featured_image":false},"product_brand":[],"product_cat":[394],"product_tag":[],"class_list":{"0":"post-96382","1":"product","2":"type-product","3":"status-publish","4":"has-post-thumbnail","6":"product_cat-sajtok","7":"description-off","9":"first","10":"instock","11":"shipping-taxable","12":"purchasable","13":"product-type-simple"},"_links":{"self":[{"href":"https:\/\/therezia.ro\/hu\/wp-json\/wp\/v2\/product\/96382","targetHints":{"allow":["GET"]}}],"collection":[{"href":"https:\/\/therezia.ro\/hu\/wp-json\/wp\/v2\/product"}],"about":[{"href":"https:\/\/therezia.ro\/hu\/wp-json\/wp\/v2\/types\/product"}],"replies":[{"embeddable":true,"href":"https:\/\/therezia.ro\/hu\/wp-json\/wp\/v2\/comments?post=96382"}],"wp:featuredmedia":[{"embeddable":true,"href":"https:\/\/therezia.ro\/hu\/wp-json\/wp\/v2\/media\/96027"}],"wp:attachment":[{"href":"https:\/\/therezia.ro\/hu\/wp-json\/wp\/v2\/media?parent=96382"}],"wp:term":[{"taxonomy":"product_brand","embeddable":true,"href":"https:\/\/therezia.ro\/hu\/wp-json\/wp\/v2\/product_brand?post=96382"},{"taxonomy":"product_cat","embeddable":true,"href":"https:\/\/therezia.ro\/hu\/wp-json\/wp\/v2\/product_cat?post=96382"},{"taxonomy":"product_tag","embeddable":true,"href":"https:\/\/therezia.ro\/hu\/wp-json\/wp\/v2\/product_tag?post=96382"}],"curies":[{"name":"wp","href":"https:\/\/api.w.org\/{rel}","templated":true}]}}