{"id":96384,"date":"2025-04-16T11:44:24","date_gmt":"2025-04-16T11:44:24","guid":{"rendered":"http:\/\/therezia.ro\/product\/cascaval-dalia-dreptunghiular\/"},"modified":"2025-05-19T18:50:06","modified_gmt":"2025-05-19T18:50:06","slug":"cascaval-dalia-dreptunghiular","status":"publish","type":"product","link":"https:\/\/therezia.ro\/hu\/product\/cascaval-dalia-dreptunghiular\/","title":{"rendered":"T\u00e9glalap alak\u00fa Dalia Sajt"},"content":{"rendered":"<p><span style=\"font-weight: 400;\">Ugyanaz a klasszikus recept, ugyanaz a finom, kiegyens\u00falyozott \u00edz \u2013 most praktikus, k\u00f6nnyen adagolhat\u00f3 form\u00e1ban.<br \/>\nA Dalia sajt megtartja azt az egyszer\u0171s\u00e9get, amely miatt gener\u00e1ci\u00f3k \u00f3ta ott van az erd\u00e9lyi h\u00e1ztart\u00e1sokban.<br \/>\nL\u00e1gy text\u00fara, tiszta tej\u00edz, \u00e9s megb\u00edzhat\u00f3 min\u0151s\u00e9g \u2013 t\u00f6k\u00e9letes \u00f6nmag\u00e1ban vagy \u00edzletes \u00e9telek alapanyagak\u00e9nt is.<\/span><\/p>\n","protected":false},"excerpt":{"rendered":"<p>Ugyanaz a klasszikus recept, ugyanaz a finom, kiegyens\u00falyozott \u00edz \u2013 most praktikus, k\u00f6nnyen adagolhat\u00f3 form\u00e1ban. A Dalia sajt megtartja azt az egyszer\u0171s\u00e9get, amely miatt gener\u00e1ci\u00f3k \u00f3ta ott van az erd\u00e9lyi h\u00e1ztart\u00e1sokban. L\u00e1gy text\u00fara, tiszta tej\u00edz, \u00e9s megb\u00edzhat\u00f3 min\u0151s\u00e9g \u2013 t\u00f6k\u00e9letes \u00f6nmag\u00e1ban vagy \u00edzletes \u00e9telek alapanyagak\u00e9nt is.<\/p>\n","protected":false},"featured_media":96127,"comment_status":"open","ping_status":"closed","template":"","meta":{"inline_featured_image":false},"product_brand":[],"product_cat":[394],"product_tag":[],"class_list":{"0":"post-96384","1":"product","2":"type-product","3":"status-publish","4":"has-post-thumbnail","6":"product_cat-sajtok","7":"description-off","9":"first","10":"instock","11":"shipping-taxable","12":"purchasable","13":"product-type-simple"},"_links":{"self":[{"href":"https:\/\/therezia.ro\/hu\/wp-json\/wp\/v2\/product\/96384","targetHints":{"allow":["GET"]}}],"collection":[{"href":"https:\/\/therezia.ro\/hu\/wp-json\/wp\/v2\/product"}],"about":[{"href":"https:\/\/therezia.ro\/hu\/wp-json\/wp\/v2\/types\/product"}],"replies":[{"embeddable":true,"href":"https:\/\/therezia.ro\/hu\/wp-json\/wp\/v2\/comments?post=96384"}],"wp:featuredmedia":[{"embeddable":true,"href":"https:\/\/therezia.ro\/hu\/wp-json\/wp\/v2\/media\/96127"}],"wp:attachment":[{"href":"https:\/\/therezia.ro\/hu\/wp-json\/wp\/v2\/media?parent=96384"}],"wp:term":[{"taxonomy":"product_brand","embeddable":true,"href":"https:\/\/therezia.ro\/hu\/wp-json\/wp\/v2\/product_brand?post=96384"},{"taxonomy":"product_cat","embeddable":true,"href":"https:\/\/therezia.ro\/hu\/wp-json\/wp\/v2\/product_cat?post=96384"},{"taxonomy":"product_tag","embeddable":true,"href":"https:\/\/therezia.ro\/hu\/wp-json\/wp\/v2\/product_tag?post=96384"}],"curies":[{"name":"wp","href":"https:\/\/api.w.org\/{rel}","templated":true}]}}