{"id":96386,"date":"2025-04-16T11:57:49","date_gmt":"2025-04-16T11:57:49","guid":{"rendered":"http:\/\/therezia.ro\/product\/cascaval-afumat-dreptunghiular\/"},"modified":"2025-05-08T14:49:49","modified_gmt":"2025-05-08T14:49:49","slug":"cascaval-afumat-dreptunghiular","status":"publish","type":"product","link":"https:\/\/therezia.ro\/hu\/product\/cascaval-afumat-dreptunghiular\/","title":{"rendered":"T\u00e9glalap alak\u00fa F\u00fcst\u00f6lt Sajt"},"content":{"rendered":"<p><span style=\"font-weight: 400;\">Praktikus form\u00e1tum, karakteres \u00edz, megb\u00edzhat\u00f3 min\u0151s\u00e9g.<br \/>\nKonyhai vagy elad\u00f3t\u00e9ri felhaszn\u00e1l\u00e1sra k\u00e9sz\u00fclt, megtartva a Therezia f\u00fcst\u00f6lt sajtjaira jellemz\u0151 kiegyens\u00falyozott, tiszta f\u00fcst\u00f6s arom\u00e1t.<br \/>\nIde\u00e1lis v\u00e1laszt\u00e1s szendvicsb\u00e1rakba, \u00e9ttermekbe, szeletel\u00e9sre vagy reszel\u00e9sre \u2013 ott, ahol a min\u0151s\u00e9g mellett a kiszerel\u00e9s is sz\u00e1m\u00edt.<\/span><\/p>\n","protected":false},"excerpt":{"rendered":"<p>Praktikus form\u00e1tum, karakteres \u00edz, megb\u00edzhat\u00f3 min\u0151s\u00e9g. Konyhai vagy elad\u00f3t\u00e9ri felhaszn\u00e1l\u00e1sra k\u00e9sz\u00fclt, megtartva a Therezia f\u00fcst\u00f6lt sajtjaira jellemz\u0151 kiegyens\u00falyozott, tiszta f\u00fcst\u00f6s arom\u00e1t. Ide\u00e1lis v\u00e1laszt\u00e1s szendvicsb\u00e1rakba, \u00e9ttermekbe, szeletel\u00e9sre vagy reszel\u00e9sre \u2013 ott, ahol a min\u0151s\u00e9g mellett a kiszerel\u00e9s is sz\u00e1m\u00edt.<\/p>\n","protected":false},"featured_media":96129,"comment_status":"open","ping_status":"closed","template":"","meta":{"inline_featured_image":false},"product_brand":[],"product_cat":[394],"product_tag":[],"class_list":{"0":"post-96386","1":"product","2":"type-product","3":"status-publish","4":"has-post-thumbnail","6":"product_cat-sajtok","7":"description-off","9":"first","10":"instock","11":"shipping-taxable","12":"purchasable","13":"product-type-simple"},"_links":{"self":[{"href":"https:\/\/therezia.ro\/hu\/wp-json\/wp\/v2\/product\/96386","targetHints":{"allow":["GET"]}}],"collection":[{"href":"https:\/\/therezia.ro\/hu\/wp-json\/wp\/v2\/product"}],"about":[{"href":"https:\/\/therezia.ro\/hu\/wp-json\/wp\/v2\/types\/product"}],"replies":[{"embeddable":true,"href":"https:\/\/therezia.ro\/hu\/wp-json\/wp\/v2\/comments?post=96386"}],"wp:featuredmedia":[{"embeddable":true,"href":"https:\/\/therezia.ro\/hu\/wp-json\/wp\/v2\/media\/96129"}],"wp:attachment":[{"href":"https:\/\/therezia.ro\/hu\/wp-json\/wp\/v2\/media?parent=96386"}],"wp:term":[{"taxonomy":"product_brand","embeddable":true,"href":"https:\/\/therezia.ro\/hu\/wp-json\/wp\/v2\/product_brand?post=96386"},{"taxonomy":"product_cat","embeddable":true,"href":"https:\/\/therezia.ro\/hu\/wp-json\/wp\/v2\/product_cat?post=96386"},{"taxonomy":"product_tag","embeddable":true,"href":"https:\/\/therezia.ro\/hu\/wp-json\/wp\/v2\/product_tag?post=96386"}],"curies":[{"name":"wp","href":"https:\/\/api.w.org\/{rel}","templated":true}]}}