{"id":96388,"date":"2025-04-07T12:36:00","date_gmt":"2025-04-07T12:36:00","guid":{"rendered":"http:\/\/therezia.ro\/?post_type=product&#038;p=96388"},"modified":"2025-05-08T14:58:11","modified_gmt":"2025-05-08T14:58:11","slug":"cascaval-panet","status":"publish","type":"product","link":"https:\/\/therezia.ro\/hu\/product\/cascaval-panet\/","title":{"rendered":"Mez\u0151paniti F\u00fcst\u00f6lt Sajt"},"content":{"rendered":"<p><span style=\"font-weight: 400;\">Ahogy az id\u0151 nemes\u00edti a bort, \u00fagy a f\u00fcst m\u00e9lys\u00e9get ad a sajtnak. A Mez\u0151paniti F\u00fcst\u00f6lt Sajt tal\u00e1n a Therezia egyik legkiegyens\u00falyozottabb receptje \u2013 minden szelet a tiszta tej \u00edz\u00e9t \u00e9s a finoman adagolt f\u00fcst\u00f6ss\u00e9get \u00f6tv\u00f6zi, \u00edgy egy \u00e9rett, karakteres, eml\u00e9kezetes \u00edzvil\u00e1got k\u00edn\u00e1l.<br \/>\nT\u00f6k\u00e9letes k\u00eds\u00e9r\u0151je egy poh\u00e1r sz\u00e1raz feh\u00e9rbornak.<br \/>\nMi\u00e9rt Mez\u0151paniti?<br \/>\nMert itt sz\u00fcletett a Therezia. Itt tal\u00e1lkoznak az erd\u00e9lyi hagyom\u00e1nyok a modern technol\u00f3gi\u00e1val \u2013 ezt az egyens\u00falyt pedig minden falatban \u00e9rezni lehet.<\/span><\/p>\n","protected":false},"excerpt":{"rendered":"<p>Ahogy az id\u0151 nemes\u00edti a bort, \u00fagy a f\u00fcst m\u00e9lys\u00e9get ad a sajtnak. A Mez\u0151paniti F\u00fcst\u00f6lt Sajt tal\u00e1n a Therezia egyik legkiegyens\u00falyozottabb receptje \u2013 minden szelet a tiszta tej \u00edz\u00e9t \u00e9s a finoman adagolt f\u00fcst\u00f6ss\u00e9get \u00f6tv\u00f6zi, \u00edgy egy \u00e9rett, karakteres, eml\u00e9kezetes \u00edzvil\u00e1got k\u00edn\u00e1l. T\u00f6k\u00e9letes k\u00eds\u00e9r\u0151je egy poh\u00e1r sz\u00e1raz feh\u00e9rbornak. Mi\u00e9rt Mez\u0151paniti? Mert itt sz\u00fcletett a&hellip;<\/p>\n","protected":false},"featured_media":96017,"comment_status":"open","ping_status":"closed","template":"","meta":{"inline_featured_image":false},"product_brand":[],"product_cat":[394],"product_tag":[],"class_list":{"0":"post-96388","1":"product","2":"type-product","3":"status-publish","4":"has-post-thumbnail","6":"product_cat-sajtok","7":"description-off","9":"first","10":"instock","11":"shipping-taxable","12":"purchasable","13":"product-type-simple"},"_links":{"self":[{"href":"https:\/\/therezia.ro\/hu\/wp-json\/wp\/v2\/product\/96388","targetHints":{"allow":["GET"]}}],"collection":[{"href":"https:\/\/therezia.ro\/hu\/wp-json\/wp\/v2\/product"}],"about":[{"href":"https:\/\/therezia.ro\/hu\/wp-json\/wp\/v2\/types\/product"}],"replies":[{"embeddable":true,"href":"https:\/\/therezia.ro\/hu\/wp-json\/wp\/v2\/comments?post=96388"}],"wp:featuredmedia":[{"embeddable":true,"href":"https:\/\/therezia.ro\/hu\/wp-json\/wp\/v2\/media\/96017"}],"wp:attachment":[{"href":"https:\/\/therezia.ro\/hu\/wp-json\/wp\/v2\/media?parent=96388"}],"wp:term":[{"taxonomy":"product_brand","embeddable":true,"href":"https:\/\/therezia.ro\/hu\/wp-json\/wp\/v2\/product_brand?post=96388"},{"taxonomy":"product_cat","embeddable":true,"href":"https:\/\/therezia.ro\/hu\/wp-json\/wp\/v2\/product_cat?post=96388"},{"taxonomy":"product_tag","embeddable":true,"href":"https:\/\/therezia.ro\/hu\/wp-json\/wp\/v2\/product_tag?post=96388"}],"curies":[{"name":"wp","href":"https:\/\/api.w.org\/{rel}","templated":true}]}}