{"id":96394,"date":"2025-04-16T10:55:57","date_gmt":"2025-04-16T10:55:57","guid":{"rendered":"http:\/\/therezia.ro\/product\/crema-de-unt-cu-verdeata\/"},"modified":"2025-05-08T14:54:49","modified_gmt":"2025-05-08T14:54:49","slug":"crema-de-unt-cu-verdeata","status":"publish","type":"product","link":"https:\/\/therezia.ro\/hu\/product\/crema-de-unt-cu-verdeata\/","title":{"rendered":"Vajkr\u00e9m z\u00f6ldf\u0171szerekkel"},"content":{"rendered":"<p><span style=\"font-weight: 400;\">Az erd\u00e9lyi frissess\u00e9g minden falatban ott van a z\u00f6ldf\u0171szeres vajkr\u00e9m\u00fcnkben. Kiv\u00e1l\u00f3 v\u00e1laszt\u00e1s k\u00f6nny\u0171 \u00e9tkez\u00e9sekhez, gyors harapnival\u00f3khoz, vagy egyszer\u0171en csak friss keny\u00e9rre kenve.<\/span><\/p>\n","protected":false},"excerpt":{"rendered":"<p>Az erd\u00e9lyi frissess\u00e9g minden falatban ott van a z\u00f6ldf\u0171szeres vajkr\u00e9m\u00fcnkben. Kiv\u00e1l\u00f3 v\u00e1laszt\u00e1s k\u00f6nny\u0171 \u00e9tkez\u00e9sekhez, gyors harapnival\u00f3khoz, vagy egyszer\u0171en csak friss keny\u00e9rre kenve.<\/p>\n","protected":false},"featured_media":96081,"comment_status":"open","ping_status":"closed","template":"","meta":{"inline_featured_image":false},"product_brand":[],"product_cat":[398],"product_tag":[],"class_list":{"0":"post-96394","1":"product","2":"type-product","3":"status-publish","4":"has-post-thumbnail","6":"product_cat-vajkremek","7":"description-off","9":"first","10":"instock","11":"shipping-taxable","12":"purchasable","13":"product-type-simple"},"_links":{"self":[{"href":"https:\/\/therezia.ro\/hu\/wp-json\/wp\/v2\/product\/96394","targetHints":{"allow":["GET"]}}],"collection":[{"href":"https:\/\/therezia.ro\/hu\/wp-json\/wp\/v2\/product"}],"about":[{"href":"https:\/\/therezia.ro\/hu\/wp-json\/wp\/v2\/types\/product"}],"replies":[{"embeddable":true,"href":"https:\/\/therezia.ro\/hu\/wp-json\/wp\/v2\/comments?post=96394"}],"wp:featuredmedia":[{"embeddable":true,"href":"https:\/\/therezia.ro\/hu\/wp-json\/wp\/v2\/media\/96081"}],"wp:attachment":[{"href":"https:\/\/therezia.ro\/hu\/wp-json\/wp\/v2\/media?parent=96394"}],"wp:term":[{"taxonomy":"product_brand","embeddable":true,"href":"https:\/\/therezia.ro\/hu\/wp-json\/wp\/v2\/product_brand?post=96394"},{"taxonomy":"product_cat","embeddable":true,"href":"https:\/\/therezia.ro\/hu\/wp-json\/wp\/v2\/product_cat?post=96394"},{"taxonomy":"product_tag","embeddable":true,"href":"https:\/\/therezia.ro\/hu\/wp-json\/wp\/v2\/product_tag?post=96394"}],"curies":[{"name":"wp","href":"https:\/\/api.w.org\/{rel}","templated":true}]}}