{"id":96396,"date":"2025-04-16T10:32:45","date_gmt":"2025-04-16T10:32:45","guid":{"rendered":"http:\/\/therezia.ro\/product\/crema-de-unt\/"},"modified":"2025-05-08T14:55:50","modified_gmt":"2025-05-08T14:55:50","slug":"crema-de-unt","status":"publish","type":"product","link":"https:\/\/therezia.ro\/hu\/product\/crema-de-unt\/","title":{"rendered":"Nat\u00far vajkr\u00e9m"},"content":{"rendered":"<p><span style=\"font-weight: 400;\">Klasszikus, kr\u00e9mes, gazdag \u2013 pont \u00fagy, ahogy szeretj\u00fck.<br \/>\nEz a nat\u00far vajkr\u00e9m selymes \u00e1llag\u00e1val \u00e9s telt \u00edz\u00e9vel t\u00f6k\u00e9letesen illik b\u00e1rmely \u00e9tkez\u00e9shez: reggelire, uzsonn\u00e1ra de ak\u00e1r f\u0151z\u00e9shez is felhaszn\u00e1lhat\u00f3.<br \/>\nLegyen sz\u00f3 egy szelet friss keny\u00e9rr\u0151l, pir\u00edt\u00f3sr\u00f3l vagy egy egyszer\u0171, h\u00e1zias recept alapj\u00e1r\u00f3l \u2013 ez a kr\u00e9m egy biztos v\u00e1laszt\u00e1s a tiszta \u00edzek kedvel\u0151inek.<br \/>\n<\/span><\/p>\n","protected":false},"excerpt":{"rendered":"<p>Klasszikus, kr\u00e9mes, gazdag \u2013 pont \u00fagy, ahogy szeretj\u00fck. Ez a nat\u00far vajkr\u00e9m selymes \u00e1llag\u00e1val \u00e9s telt \u00edz\u00e9vel t\u00f6k\u00e9letesen illik b\u00e1rmely \u00e9tkez\u00e9shez: reggelire, uzsonn\u00e1ra de ak\u00e1r f\u0151z\u00e9shez is felhaszn\u00e1lhat\u00f3. Legyen sz\u00f3 egy szelet friss keny\u00e9rr\u0151l, pir\u00edt\u00f3sr\u00f3l vagy egy egyszer\u0171, h\u00e1zias recept alapj\u00e1r\u00f3l \u2013 ez a kr\u00e9m egy biztos v\u00e1laszt\u00e1s a tiszta \u00edzek kedvel\u0151inek.<\/p>\n","protected":false},"featured_media":96067,"comment_status":"open","ping_status":"closed","template":"","meta":{"inline_featured_image":false},"product_brand":[],"product_cat":[398],"product_tag":[],"class_list":{"0":"post-96396","1":"product","2":"type-product","3":"status-publish","4":"has-post-thumbnail","6":"product_cat-vajkremek","7":"description-off","9":"first","10":"instock","11":"shipping-taxable","12":"purchasable","13":"product-type-simple"},"_links":{"self":[{"href":"https:\/\/therezia.ro\/hu\/wp-json\/wp\/v2\/product\/96396","targetHints":{"allow":["GET"]}}],"collection":[{"href":"https:\/\/therezia.ro\/hu\/wp-json\/wp\/v2\/product"}],"about":[{"href":"https:\/\/therezia.ro\/hu\/wp-json\/wp\/v2\/types\/product"}],"replies":[{"embeddable":true,"href":"https:\/\/therezia.ro\/hu\/wp-json\/wp\/v2\/comments?post=96396"}],"wp:featuredmedia":[{"embeddable":true,"href":"https:\/\/therezia.ro\/hu\/wp-json\/wp\/v2\/media\/96067"}],"wp:attachment":[{"href":"https:\/\/therezia.ro\/hu\/wp-json\/wp\/v2\/media?parent=96396"}],"wp:term":[{"taxonomy":"product_brand","embeddable":true,"href":"https:\/\/therezia.ro\/hu\/wp-json\/wp\/v2\/product_brand?post=96396"},{"taxonomy":"product_cat","embeddable":true,"href":"https:\/\/therezia.ro\/hu\/wp-json\/wp\/v2\/product_cat?post=96396"},{"taxonomy":"product_tag","embeddable":true,"href":"https:\/\/therezia.ro\/hu\/wp-json\/wp\/v2\/product_tag?post=96396"}],"curies":[{"name":"wp","href":"https:\/\/api.w.org\/{rel}","templated":true}]}}