{"id":96398,"date":"2025-04-16T10:42:25","date_gmt":"2025-04-16T10:42:25","guid":{"rendered":"http:\/\/therezia.ro\/product\/crema-de-unt-cu-cascaval\/"},"modified":"2025-05-08T14:58:18","modified_gmt":"2025-05-08T14:58:18","slug":"crema-de-unt-cu-cascaval","status":"publish","type":"product","link":"https:\/\/therezia.ro\/hu\/product\/crema-de-unt-cu-cascaval\/","title":{"rendered":"Vajkr\u00e9m Sajttal"},"content":{"rendered":"<p><span style=\"font-weight: 400;\">Ha nem tudsz betelni a val\u00f3di sajt \u00edz\u00e9vel\u2026<br \/>\nIde\u00e1lis reggeli szendvicsekhez, snackekhez vagy \u00e9tkez\u00e9sek k\u00f6z\u00f6tti harapnival\u00f3khoz.<\/span><\/p>\n","protected":false},"excerpt":{"rendered":"<p>Ha nem tudsz betelni a val\u00f3di sajt \u00edz\u00e9vel\u2026 Ide\u00e1lis reggeli szendvicsekhez, snackekhez vagy \u00e9tkez\u00e9sek k\u00f6z\u00f6tti harapnival\u00f3khoz.<\/p>\n","protected":false},"featured_media":96073,"comment_status":"open","ping_status":"closed","template":"","meta":{"inline_featured_image":false},"product_brand":[],"product_cat":[398],"product_tag":[],"class_list":{"0":"post-96398","1":"product","2":"type-product","3":"status-publish","4":"has-post-thumbnail","6":"product_cat-vajkremek","7":"description-off","9":"first","10":"instock","11":"shipping-taxable","12":"purchasable","13":"product-type-simple"},"_links":{"self":[{"href":"https:\/\/therezia.ro\/hu\/wp-json\/wp\/v2\/product\/96398","targetHints":{"allow":["GET"]}}],"collection":[{"href":"https:\/\/therezia.ro\/hu\/wp-json\/wp\/v2\/product"}],"about":[{"href":"https:\/\/therezia.ro\/hu\/wp-json\/wp\/v2\/types\/product"}],"replies":[{"embeddable":true,"href":"https:\/\/therezia.ro\/hu\/wp-json\/wp\/v2\/comments?post=96398"}],"wp:featuredmedia":[{"embeddable":true,"href":"https:\/\/therezia.ro\/hu\/wp-json\/wp\/v2\/media\/96073"}],"wp:attachment":[{"href":"https:\/\/therezia.ro\/hu\/wp-json\/wp\/v2\/media?parent=96398"}],"wp:term":[{"taxonomy":"product_brand","embeddable":true,"href":"https:\/\/therezia.ro\/hu\/wp-json\/wp\/v2\/product_brand?post=96398"},{"taxonomy":"product_cat","embeddable":true,"href":"https:\/\/therezia.ro\/hu\/wp-json\/wp\/v2\/product_cat?post=96398"},{"taxonomy":"product_tag","embeddable":true,"href":"https:\/\/therezia.ro\/hu\/wp-json\/wp\/v2\/product_tag?post=96398"}],"curies":[{"name":"wp","href":"https:\/\/api.w.org\/{rel}","templated":true}]}}