{"id":96404,"date":"2025-04-16T11:05:53","date_gmt":"2025-04-16T11:05:53","guid":{"rendered":"http:\/\/therezia.ro\/product\/branza-de-burduf\/"},"modified":"2025-05-21T07:28:28","modified_gmt":"2025-05-21T07:28:28","slug":"sos-turo-burduf","status":"publish","type":"product","link":"https:\/\/therezia.ro\/hu\/product\/sos-turo-burduf\/","title":{"rendered":"S\u00f3s t\u00far\u00f3 (Burduf)"},"content":{"rendered":"<p><span style=\"font-weight: 400;\">Eredete tal\u00e1n rejt\u00e9ly, de \u00edze mag\u00e1\u00e9rt besz\u00e9l.<br \/>\nA Therezia Burduf T\u00far\u00f3ja egy gener\u00e1ci\u00f3kon \u00e1t \u00f6r\u00f6kl\u00f6tt, erd\u00e9lyi recept alapj\u00e1n k\u00e9sz\u00fcl, \u00e9s mindm\u00e1ig meg\u0151rizte karakteres \u00edzvil\u00e1g\u00e1t \u00e9s oml\u00f3s text\u00far\u00e1j\u00e1t.<br \/>\nEz a sajt azoknak k\u00e9sz\u00fclt, akik nem k\u00f6tnek kompromisszumot, ha val\u00f3di \u00edzekr\u0151l van sz\u00f3.<\/span><\/p>\n","protected":false},"excerpt":{"rendered":"<p>Eredete tal\u00e1n rejt\u00e9ly, de \u00edze mag\u00e1\u00e9rt besz\u00e9l. A Therezia Burduf T\u00far\u00f3ja egy gener\u00e1ci\u00f3kon \u00e1t \u00f6r\u00f6kl\u00f6tt, erd\u00e9lyi recept alapj\u00e1n k\u00e9sz\u00fcl, \u00e9s mindm\u00e1ig meg\u0151rizte karakteres \u00edzvil\u00e1g\u00e1t \u00e9s oml\u00f3s text\u00far\u00e1j\u00e1t. Ez a sajt azoknak k\u00e9sz\u00fclt, akik nem k\u00f6tnek kompromisszumot, ha val\u00f3di \u00edzekr\u0151l van sz\u00f3.<\/p>\n","protected":false},"featured_media":96087,"comment_status":"open","ping_status":"closed","template":"","meta":{"inline_featured_image":false},"product_brand":[],"product_cat":[395],"product_tag":[],"class_list":{"0":"post-96404","1":"product","2":"type-product","3":"status-publish","4":"has-post-thumbnail","6":"product_cat-burduf-turok","7":"description-off","9":"first","10":"instock","11":"shipping-taxable","12":"purchasable","13":"product-type-simple"},"_links":{"self":[{"href":"https:\/\/therezia.ro\/hu\/wp-json\/wp\/v2\/product\/96404","targetHints":{"allow":["GET"]}}],"collection":[{"href":"https:\/\/therezia.ro\/hu\/wp-json\/wp\/v2\/product"}],"about":[{"href":"https:\/\/therezia.ro\/hu\/wp-json\/wp\/v2\/types\/product"}],"replies":[{"embeddable":true,"href":"https:\/\/therezia.ro\/hu\/wp-json\/wp\/v2\/comments?post=96404"}],"wp:featuredmedia":[{"embeddable":true,"href":"https:\/\/therezia.ro\/hu\/wp-json\/wp\/v2\/media\/96087"}],"wp:attachment":[{"href":"https:\/\/therezia.ro\/hu\/wp-json\/wp\/v2\/media?parent=96404"}],"wp:term":[{"taxonomy":"product_brand","embeddable":true,"href":"https:\/\/therezia.ro\/hu\/wp-json\/wp\/v2\/product_brand?post=96404"},{"taxonomy":"product_cat","embeddable":true,"href":"https:\/\/therezia.ro\/hu\/wp-json\/wp\/v2\/product_cat?post=96404"},{"taxonomy":"product_tag","embeddable":true,"href":"https:\/\/therezia.ro\/hu\/wp-json\/wp\/v2\/product_tag?post=96404"}],"curies":[{"name":"wp","href":"https:\/\/api.w.org\/{rel}","templated":true}]}}