{"id":96408,"date":"2025-04-16T11:12:58","date_gmt":"2025-04-16T11:12:58","guid":{"rendered":"http:\/\/therezia.ro\/product\/branza-de-burduf-vrac\/"},"modified":"2025-05-21T06:49:05","modified_gmt":"2025-05-21T06:49:05","slug":"sos-turo-burduf-nagy-kiszereles","status":"publish","type":"product","link":"https:\/\/therezia.ro\/hu\/product\/sos-turo-burduf-nagy-kiszereles\/","title":{"rendered":"S\u00f3s t\u00far\u00f3 (Burduf) &#8211; nagy kiszerel\u00e9s"},"content":{"rendered":"<p><span style=\"font-weight: 400;\">Gazdag \u00edz, praktikus kiszerel\u00e9sben.<br \/>\nEz a Burduf T\u00far\u00f3 ugyanazt a telt, karakteres \u00edzvil\u00e1got \u00e9s l\u00e1gy text\u00far\u00e1t k\u00edn\u00e1lja, ami a term\u00e9ket h\u00edress\u00e9 tette \u2013 \u00f6mlesztett v\u00e1ltozatban.<br \/>\nIde\u00e1lis v\u00e1laszt\u00e1s nagyobb h\u00e1ztart\u00e1sok, delik\u00e1tesz \u00fczletek vagy professzion\u00e1lis konyh\u00e1k sz\u00e1m\u00e1ra.<\/span><\/p>\n","protected":false},"excerpt":{"rendered":"<p>Gazdag \u00edz, praktikus kiszerel\u00e9sben. Ez a Burduf T\u00far\u00f3 ugyanazt a telt, karakteres \u00edzvil\u00e1got \u00e9s l\u00e1gy text\u00far\u00e1t k\u00edn\u00e1lja, ami a term\u00e9ket h\u00edress\u00e9 tette \u2013 \u00f6mlesztett v\u00e1ltozatban. Ide\u00e1lis v\u00e1laszt\u00e1s nagyobb h\u00e1ztart\u00e1sok, delik\u00e1tesz \u00fczletek vagy professzion\u00e1lis konyh\u00e1k sz\u00e1m\u00e1ra.<\/p>\n","protected":false},"featured_media":96093,"comment_status":"open","ping_status":"closed","template":"","meta":{"inline_featured_image":false},"product_brand":[],"product_cat":[395],"product_tag":[],"class_list":{"0":"post-96408","1":"product","2":"type-product","3":"status-publish","4":"has-post-thumbnail","6":"product_cat-burduf-turok","7":"description-off","9":"first","10":"instock","11":"shipping-taxable","12":"purchasable","13":"product-type-simple"},"_links":{"self":[{"href":"https:\/\/therezia.ro\/hu\/wp-json\/wp\/v2\/product\/96408","targetHints":{"allow":["GET"]}}],"collection":[{"href":"https:\/\/therezia.ro\/hu\/wp-json\/wp\/v2\/product"}],"about":[{"href":"https:\/\/therezia.ro\/hu\/wp-json\/wp\/v2\/types\/product"}],"replies":[{"embeddable":true,"href":"https:\/\/therezia.ro\/hu\/wp-json\/wp\/v2\/comments?post=96408"}],"wp:featuredmedia":[{"embeddable":true,"href":"https:\/\/therezia.ro\/hu\/wp-json\/wp\/v2\/media\/96093"}],"wp:attachment":[{"href":"https:\/\/therezia.ro\/hu\/wp-json\/wp\/v2\/media?parent=96408"}],"wp:term":[{"taxonomy":"product_brand","embeddable":true,"href":"https:\/\/therezia.ro\/hu\/wp-json\/wp\/v2\/product_brand?post=96408"},{"taxonomy":"product_cat","embeddable":true,"href":"https:\/\/therezia.ro\/hu\/wp-json\/wp\/v2\/product_cat?post=96408"},{"taxonomy":"product_tag","embeddable":true,"href":"https:\/\/therezia.ro\/hu\/wp-json\/wp\/v2\/product_tag?post=96408"}],"curies":[{"name":"wp","href":"https:\/\/api.w.org\/{rel}","templated":true}]}}