{"id":96409,"date":"2025-04-16T11:09:38","date_gmt":"2025-04-16T11:09:38","guid":{"rendered":"http:\/\/therezia.ro\/product\/branza-de-burduf-in-burduf\/"},"modified":"2025-05-21T06:48:20","modified_gmt":"2025-05-21T06:48:20","slug":"sos-turo-termeszetes-holyagban-hagyomanyos-tarolas","status":"publish","type":"product","link":"https:\/\/therezia.ro\/hu\/product\/sos-turo-termeszetes-holyagban-hagyomanyos-tarolas\/","title":{"rendered":"S\u00f3s t\u00far\u00f3 term\u00e9szetes h\u00f3lyagban (hagyom\u00e1nyos t\u00e1rol\u00e1s)"},"content":{"rendered":"<p><span style=\"font-weight: 400;\">Karakteres \u00edz, hagyom\u00e1nyos csomagol\u00e1sban.<br \/>\nKiegyens\u00falyozott \u00edzvil\u00e1g\u00e1val \u00e9s oml\u00f3s \u00e1llag\u00e1val ny\u0171g\u00f6z le \u2013 \u00e9s mindezt a klasszikus \u201eburduf a burdufban\u201d form\u00e1ban k\u00edn\u00e1ljuk.<br \/>\nKifejezetten azoknak aj\u00e1nljuk, akik \u00e9rt\u00e9kelik a hagyom\u00e1nyos sajtok erej\u00e9t \u00e9s karakteress\u00e9g\u00e9t \u2013 mert ez a term\u00e9k t\u00f6bb mint \u00e9tel: \u00edzig-v\u00e9rig gasztro\u00e9lm\u00e9ny.<\/span><\/p>\n","protected":false},"excerpt":{"rendered":"<p>Karakteres \u00edz, hagyom\u00e1nyos csomagol\u00e1sban. Kiegyens\u00falyozott \u00edzvil\u00e1g\u00e1val \u00e9s oml\u00f3s \u00e1llag\u00e1val ny\u0171g\u00f6z le \u2013 \u00e9s mindezt a klasszikus \u201eburduf a burdufban\u201d form\u00e1ban k\u00edn\u00e1ljuk. Kifejezetten azoknak aj\u00e1nljuk, akik \u00e9rt\u00e9kelik a hagyom\u00e1nyos sajtok erej\u00e9t \u00e9s karakteress\u00e9g\u00e9t \u2013 mert ez a term\u00e9k t\u00f6bb mint \u00e9tel: \u00edzig-v\u00e9rig gasztro\u00e9lm\u00e9ny.<\/p>\n","protected":false},"featured_media":96091,"comment_status":"open","ping_status":"closed","template":"","meta":{"inline_featured_image":false},"product_brand":[],"product_cat":[395],"product_tag":[],"class_list":{"0":"post-96409","1":"product","2":"type-product","3":"status-publish","4":"has-post-thumbnail","6":"product_cat-burduf-turok","7":"description-off","9":"first","10":"instock","11":"shipping-taxable","12":"purchasable","13":"product-type-simple"},"_links":{"self":[{"href":"https:\/\/therezia.ro\/hu\/wp-json\/wp\/v2\/product\/96409","targetHints":{"allow":["GET"]}}],"collection":[{"href":"https:\/\/therezia.ro\/hu\/wp-json\/wp\/v2\/product"}],"about":[{"href":"https:\/\/therezia.ro\/hu\/wp-json\/wp\/v2\/types\/product"}],"replies":[{"embeddable":true,"href":"https:\/\/therezia.ro\/hu\/wp-json\/wp\/v2\/comments?post=96409"}],"wp:featuredmedia":[{"embeddable":true,"href":"https:\/\/therezia.ro\/hu\/wp-json\/wp\/v2\/media\/96091"}],"wp:attachment":[{"href":"https:\/\/therezia.ro\/hu\/wp-json\/wp\/v2\/media?parent=96409"}],"wp:term":[{"taxonomy":"product_brand","embeddable":true,"href":"https:\/\/therezia.ro\/hu\/wp-json\/wp\/v2\/product_brand?post=96409"},{"taxonomy":"product_cat","embeddable":true,"href":"https:\/\/therezia.ro\/hu\/wp-json\/wp\/v2\/product_cat?post=96409"},{"taxonomy":"product_tag","embeddable":true,"href":"https:\/\/therezia.ro\/hu\/wp-json\/wp\/v2\/product_tag?post=96409"}],"curies":[{"name":"wp","href":"https:\/\/api.w.org\/{rel}","templated":true}]}}