{"id":96418,"date":"2025-04-16T11:35:42","date_gmt":"2025-04-16T11:35:42","guid":{"rendered":"http:\/\/therezia.ro\/product\/branza-topita-family-mix\/"},"modified":"2025-05-08T15:03:52","modified_gmt":"2025-05-08T15:03:52","slug":"branza-topita-family-mix","status":"publish","type":"product","link":"https:\/\/therezia.ro\/hu\/product\/branza-topita-family-mix\/","title":{"rendered":"Csal\u00e1di v\u00e1logat\u00e1s \u2013 T\u00f6ml\u0151s Sajt Mix"},"content":{"rendered":"<p><span style=\"font-weight: 400;\">V\u00e1logat\u00e1s a csal\u00e1d kedvenceib\u0151l.<br \/>\nEz a praktikus csomag \u00f6sszegy\u0171jti a Therezia legn\u00e9pszer\u0171bb \u00edzeit, hogy minden csal\u00e1di \u00e9tkez\u00e9s v\u00e1ltozatos \u00e9s \u00edzekben gazdag legyen.<\/p>\n<p>T\u00f6k\u00e9letes v\u00e1laszt\u00e1s a k\u00f6z\u00f6s \u00e9tkez\u00e9sekhez, ha szeretn\u00e9tek egy\u00fctt felfedezni a term\u00e9szetes \u00edzek vil\u00e1g\u00e1t.<\/span><\/p>\n","protected":false},"excerpt":{"rendered":"<p>V\u00e1logat\u00e1s a csal\u00e1d kedvenceib\u0151l. Ez a praktikus csomag \u00f6sszegy\u0171jti a Therezia legn\u00e9pszer\u0171bb \u00edzeit, hogy minden csal\u00e1di \u00e9tkez\u00e9s v\u00e1ltozatos \u00e9s \u00edzekben gazdag legyen. T\u00f6k\u00e9letes v\u00e1laszt\u00e1s a k\u00f6z\u00f6s \u00e9tkez\u00e9sekhez, ha szeretn\u00e9tek egy\u00fctt felfedezni a term\u00e9szetes \u00edzek vil\u00e1g\u00e1t.<\/p>\n","protected":false},"featured_media":96125,"comment_status":"open","ping_status":"closed","template":"","meta":{"inline_featured_image":false},"product_brand":[],"product_cat":[396],"product_tag":[],"class_list":{"0":"post-96418","1":"product","2":"type-product","3":"status-publish","4":"has-post-thumbnail","6":"product_cat-tomlos-sajtok","7":"description-off","9":"first","10":"instock","11":"shipping-taxable","12":"purchasable","13":"product-type-simple"},"_links":{"self":[{"href":"https:\/\/therezia.ro\/hu\/wp-json\/wp\/v2\/product\/96418","targetHints":{"allow":["GET"]}}],"collection":[{"href":"https:\/\/therezia.ro\/hu\/wp-json\/wp\/v2\/product"}],"about":[{"href":"https:\/\/therezia.ro\/hu\/wp-json\/wp\/v2\/types\/product"}],"replies":[{"embeddable":true,"href":"https:\/\/therezia.ro\/hu\/wp-json\/wp\/v2\/comments?post=96418"}],"wp:featuredmedia":[{"embeddable":true,"href":"https:\/\/therezia.ro\/hu\/wp-json\/wp\/v2\/media\/96125"}],"wp:attachment":[{"href":"https:\/\/therezia.ro\/hu\/wp-json\/wp\/v2\/media?parent=96418"}],"wp:term":[{"taxonomy":"product_brand","embeddable":true,"href":"https:\/\/therezia.ro\/hu\/wp-json\/wp\/v2\/product_brand?post=96418"},{"taxonomy":"product_cat","embeddable":true,"href":"https:\/\/therezia.ro\/hu\/wp-json\/wp\/v2\/product_cat?post=96418"},{"taxonomy":"product_tag","embeddable":true,"href":"https:\/\/therezia.ro\/hu\/wp-json\/wp\/v2\/product_tag?post=96418"}],"curies":[{"name":"wp","href":"https:\/\/api.w.org\/{rel}","templated":true}]}}