{"id":96419,"date":"2025-04-16T11:32:37","date_gmt":"2025-04-16T11:32:37","guid":{"rendered":"http:\/\/therezia.ro\/product\/branza-topita-feliabila\/"},"modified":"2025-05-08T15:04:15","modified_gmt":"2025-05-08T15:04:15","slug":"branza-topita-feliabila","status":"publish","type":"product","link":"https:\/\/therezia.ro\/hu\/product\/branza-topita-feliabila\/","title":{"rendered":"Szeletelhet\u0151 Olvasztott Sajt"},"content":{"rendered":"<p><span style=\"font-weight: 400;\">Praktikus \u00e9s sokoldal\u00fa \u2013 k\u00f6nnyen szeletelhet\u0151, mik\u00f6zben meg\u0151rzi selymes \u00e1llag\u00e1t \u00e9s finom, kiegyens\u00falyozott \u00edz\u00e9t.<br \/>\nT\u00f6k\u00e9letes v\u00e1laszt\u00e1s szendvicsekhez, hidegt\u00e1lakhoz vagy gyors harapnival\u00f3khoz \u2013 mindig pontosan adagolhat\u00f3, gazdas\u00e1gos megold\u00e1s a mindennapokra.<\/span><\/p>\n","protected":false},"excerpt":{"rendered":"<p>Praktikus \u00e9s sokoldal\u00fa \u2013 k\u00f6nnyen szeletelhet\u0151, mik\u00f6zben meg\u0151rzi selymes \u00e1llag\u00e1t \u00e9s finom, kiegyens\u00falyozott \u00edz\u00e9t. T\u00f6k\u00e9letes v\u00e1laszt\u00e1s szendvicsekhez, hidegt\u00e1lakhoz vagy gyors harapnival\u00f3khoz \u2013 mindig pontosan adagolhat\u00f3, gazdas\u00e1gos megold\u00e1s a mindennapokra.<\/p>\n","protected":false},"featured_media":96119,"comment_status":"open","ping_status":"closed","template":"","meta":{"inline_featured_image":false},"product_brand":[],"product_cat":[396],"product_tag":[],"class_list":{"0":"post-96419","1":"product","2":"type-product","3":"status-publish","4":"has-post-thumbnail","6":"product_cat-tomlos-sajtok","7":"description-off","9":"first","10":"instock","11":"shipping-taxable","12":"purchasable","13":"product-type-simple"},"_links":{"self":[{"href":"https:\/\/therezia.ro\/hu\/wp-json\/wp\/v2\/product\/96419","targetHints":{"allow":["GET"]}}],"collection":[{"href":"https:\/\/therezia.ro\/hu\/wp-json\/wp\/v2\/product"}],"about":[{"href":"https:\/\/therezia.ro\/hu\/wp-json\/wp\/v2\/types\/product"}],"replies":[{"embeddable":true,"href":"https:\/\/therezia.ro\/hu\/wp-json\/wp\/v2\/comments?post=96419"}],"wp:featuredmedia":[{"embeddable":true,"href":"https:\/\/therezia.ro\/hu\/wp-json\/wp\/v2\/media\/96119"}],"wp:attachment":[{"href":"https:\/\/therezia.ro\/hu\/wp-json\/wp\/v2\/media?parent=96419"}],"wp:term":[{"taxonomy":"product_brand","embeddable":true,"href":"https:\/\/therezia.ro\/hu\/wp-json\/wp\/v2\/product_brand?post=96419"},{"taxonomy":"product_cat","embeddable":true,"href":"https:\/\/therezia.ro\/hu\/wp-json\/wp\/v2\/product_cat?post=96419"},{"taxonomy":"product_tag","embeddable":true,"href":"https:\/\/therezia.ro\/hu\/wp-json\/wp\/v2\/product_tag?post=96419"}],"curies":[{"name":"wp","href":"https:\/\/api.w.org\/{rel}","templated":true}]}}