{"id":96420,"date":"2025-04-16T11:28:54","date_gmt":"2025-04-16T11:28:54","guid":{"rendered":"http:\/\/therezia.ro\/product\/branza-topita-afumata\/"},"modified":"2025-05-08T15:04:38","modified_gmt":"2025-05-08T15:04:38","slug":"branza-topita-afumata","status":"publish","type":"product","link":"https:\/\/therezia.ro\/hu\/product\/branza-topita-afumata\/","title":{"rendered":"F\u00fcst\u00f6lt T\u00f6ml\u0151s Sajt"},"content":{"rendered":"<p><span style=\"font-weight: 400;\">Karakteres \u00edz, term\u00e9szetes f\u00fcst\u00f6ss\u00e9g.<br \/>\nEz a sajtkr\u00e9m azoknak k\u00e9sz\u00fclt, akik szeretik az autentikus, h\u00e1zias \u00edzeket.<br \/>\nTerm\u00e9szetes f\u00fcst\u00f6l\u00e9ssel, telt arom\u00e1j\u00fa, l\u00e1gy text\u00far\u00e1j\u00fa \u2013 pont olyan, mint amit r\u00e9gen a nagymam\u00e1dn\u00e1l k\u00f3stolt\u00e1l.<\/span><\/p>\n","protected":false},"excerpt":{"rendered":"<p>Karakteres \u00edz, term\u00e9szetes f\u00fcst\u00f6ss\u00e9g. Ez a sajtkr\u00e9m azoknak k\u00e9sz\u00fclt, akik szeretik az autentikus, h\u00e1zias \u00edzeket. Term\u00e9szetes f\u00fcst\u00f6l\u00e9ssel, telt arom\u00e1j\u00fa, l\u00e1gy text\u00far\u00e1j\u00fa \u2013 pont olyan, mint amit r\u00e9gen a nagymam\u00e1dn\u00e1l k\u00f3stolt\u00e1l.<\/p>\n","protected":false},"featured_media":96117,"comment_status":"open","ping_status":"closed","template":"","meta":{"inline_featured_image":false},"product_brand":[],"product_cat":[396],"product_tag":[],"class_list":{"0":"post-96420","1":"product","2":"type-product","3":"status-publish","4":"has-post-thumbnail","6":"product_cat-tomlos-sajtok","7":"description-off","9":"first","10":"instock","11":"shipping-taxable","12":"purchasable","13":"product-type-simple"},"_links":{"self":[{"href":"https:\/\/therezia.ro\/hu\/wp-json\/wp\/v2\/product\/96420","targetHints":{"allow":["GET"]}}],"collection":[{"href":"https:\/\/therezia.ro\/hu\/wp-json\/wp\/v2\/product"}],"about":[{"href":"https:\/\/therezia.ro\/hu\/wp-json\/wp\/v2\/types\/product"}],"replies":[{"embeddable":true,"href":"https:\/\/therezia.ro\/hu\/wp-json\/wp\/v2\/comments?post=96420"}],"wp:featuredmedia":[{"embeddable":true,"href":"https:\/\/therezia.ro\/hu\/wp-json\/wp\/v2\/media\/96117"}],"wp:attachment":[{"href":"https:\/\/therezia.ro\/hu\/wp-json\/wp\/v2\/media?parent=96420"}],"wp:term":[{"taxonomy":"product_brand","embeddable":true,"href":"https:\/\/therezia.ro\/hu\/wp-json\/wp\/v2\/product_brand?post=96420"},{"taxonomy":"product_cat","embeddable":true,"href":"https:\/\/therezia.ro\/hu\/wp-json\/wp\/v2\/product_cat?post=96420"},{"taxonomy":"product_tag","embeddable":true,"href":"https:\/\/therezia.ro\/hu\/wp-json\/wp\/v2\/product_tag?post=96420"}],"curies":[{"name":"wp","href":"https:\/\/api.w.org\/{rel}","templated":true}]}}