{"id":96421,"date":"2025-04-16T11:26:37","date_gmt":"2025-04-16T11:26:37","guid":{"rendered":"http:\/\/therezia.ro\/product\/branza-topita-cu-ciuperci\/"},"modified":"2025-05-08T15:04:55","modified_gmt":"2025-05-08T15:04:55","slug":"branza-topita-cu-ciuperci","status":"publish","type":"product","link":"https:\/\/therezia.ro\/hu\/product\/branza-topita-cu-ciuperci\/","title":{"rendered":"Gomb\u00e1s T\u00f6ml\u0151s Sajt"},"content":{"rendered":"<p><span style=\"font-weight: 400;\">Kr\u00e9mes text\u00fara, gazdag gomba\u00edz.<br \/>\nL\u00e1gy sajtkr\u00e9m \u00e9s finom gomba \u00edz \u2013 t\u00f6k\u00e9letes v\u00e1laszt\u00e1s azoknak, akik szeretik a karakteresebb, tartalmasabb \u00edzvil\u00e1got.<br \/>\nIde\u00e1lis egy gyors eb\u00e9dhez, pir\u00edt\u00f3sra kenve, melegszendvicsbe, vagy olyan receptekbe, ahol j\u00f3l j\u00f6n egy kis plusz \u00edz \u00e9s kr\u00e9mess\u00e9g.<\/span><\/p>\n","protected":false},"excerpt":{"rendered":"<p>Kr\u00e9mes text\u00fara, gazdag gomba\u00edz. L\u00e1gy sajtkr\u00e9m \u00e9s finom gomba \u00edz \u2013 t\u00f6k\u00e9letes v\u00e1laszt\u00e1s azoknak, akik szeretik a karakteresebb, tartalmasabb \u00edzvil\u00e1got. Ide\u00e1lis egy gyors eb\u00e9dhez, pir\u00edt\u00f3sra kenve, melegszendvicsbe, vagy olyan receptekbe, ahol j\u00f3l j\u00f6n egy kis plusz \u00edz \u00e9s kr\u00e9mess\u00e9g.<\/p>\n","protected":false},"featured_media":96111,"comment_status":"open","ping_status":"closed","template":"","meta":{"inline_featured_image":false},"product_brand":[],"product_cat":[396],"product_tag":[],"class_list":{"0":"post-96421","1":"product","2":"type-product","3":"status-publish","4":"has-post-thumbnail","6":"product_cat-tomlos-sajtok","7":"description-off","9":"first","10":"instock","11":"shipping-taxable","12":"purchasable","13":"product-type-simple"},"_links":{"self":[{"href":"https:\/\/therezia.ro\/hu\/wp-json\/wp\/v2\/product\/96421","targetHints":{"allow":["GET"]}}],"collection":[{"href":"https:\/\/therezia.ro\/hu\/wp-json\/wp\/v2\/product"}],"about":[{"href":"https:\/\/therezia.ro\/hu\/wp-json\/wp\/v2\/types\/product"}],"replies":[{"embeddable":true,"href":"https:\/\/therezia.ro\/hu\/wp-json\/wp\/v2\/comments?post=96421"}],"wp:featuredmedia":[{"embeddable":true,"href":"https:\/\/therezia.ro\/hu\/wp-json\/wp\/v2\/media\/96111"}],"wp:attachment":[{"href":"https:\/\/therezia.ro\/hu\/wp-json\/wp\/v2\/media?parent=96421"}],"wp:term":[{"taxonomy":"product_brand","embeddable":true,"href":"https:\/\/therezia.ro\/hu\/wp-json\/wp\/v2\/product_brand?post=96421"},{"taxonomy":"product_cat","embeddable":true,"href":"https:\/\/therezia.ro\/hu\/wp-json\/wp\/v2\/product_cat?post=96421"},{"taxonomy":"product_tag","embeddable":true,"href":"https:\/\/therezia.ro\/hu\/wp-json\/wp\/v2\/product_tag?post=96421"}],"curies":[{"name":"wp","href":"https:\/\/api.w.org\/{rel}","templated":true}]}}