{"id":96422,"date":"2025-04-16T11:21:39","date_gmt":"2025-04-16T11:21:39","guid":{"rendered":"http:\/\/therezia.ro\/product\/branza-topita-cu-sunca\/"},"modified":"2025-05-08T15:05:09","modified_gmt":"2025-05-08T15:05:09","slug":"branza-topita-cu-sunca","status":"publish","type":"product","link":"https:\/\/therezia.ro\/hu\/product\/branza-topita-cu-sunca\/","title":{"rendered":"Sonk\u00e1s T\u00f6ml\u0151s Sajt"},"content":{"rendered":"<p><span style=\"font-weight: 400;\">Laktat\u00f3, \u00edzletes \u00e9s mindig j\u00f3l esik.<br \/>\nL\u00e1gy sajtkr\u00e9m \u00edzletes sonkadarabokkal \u2013 az ide\u00e1lis v\u00e1laszt\u00e1s, ha egy kicsit tartalmasabb falatokra v\u00e1gysz.<br \/>\nPir\u00edt\u00f3sra, melegszendvicsbe vagy friss keny\u00e9rre kenve is t\u00f6k\u00e9letes. Gyors, \u00edzletes megold\u00e1s reggelire vagy napk\u00f6zben egy kis harapnival\u00f3nak.<\/span><\/p>\n","protected":false},"excerpt":{"rendered":"<p>Laktat\u00f3, \u00edzletes \u00e9s mindig j\u00f3l esik. L\u00e1gy sajtkr\u00e9m \u00edzletes sonkadarabokkal \u2013 az ide\u00e1lis v\u00e1laszt\u00e1s, ha egy kicsit tartalmasabb falatokra v\u00e1gysz. Pir\u00edt\u00f3sra, melegszendvicsbe vagy friss keny\u00e9rre kenve is t\u00f6k\u00e9letes. Gyors, \u00edzletes megold\u00e1s reggelire vagy napk\u00f6zben egy kis harapnival\u00f3nak.<\/p>\n","protected":false},"featured_media":96105,"comment_status":"open","ping_status":"closed","template":"","meta":{"inline_featured_image":false},"product_brand":[],"product_cat":[396],"product_tag":[],"class_list":{"0":"post-96422","1":"product","2":"type-product","3":"status-publish","4":"has-post-thumbnail","6":"product_cat-tomlos-sajtok","7":"description-off","9":"first","10":"instock","11":"shipping-taxable","12":"purchasable","13":"product-type-simple"},"_links":{"self":[{"href":"https:\/\/therezia.ro\/hu\/wp-json\/wp\/v2\/product\/96422","targetHints":{"allow":["GET"]}}],"collection":[{"href":"https:\/\/therezia.ro\/hu\/wp-json\/wp\/v2\/product"}],"about":[{"href":"https:\/\/therezia.ro\/hu\/wp-json\/wp\/v2\/types\/product"}],"replies":[{"embeddable":true,"href":"https:\/\/therezia.ro\/hu\/wp-json\/wp\/v2\/comments?post=96422"}],"wp:featuredmedia":[{"embeddable":true,"href":"https:\/\/therezia.ro\/hu\/wp-json\/wp\/v2\/media\/96105"}],"wp:attachment":[{"href":"https:\/\/therezia.ro\/hu\/wp-json\/wp\/v2\/media?parent=96422"}],"wp:term":[{"taxonomy":"product_brand","embeddable":true,"href":"https:\/\/therezia.ro\/hu\/wp-json\/wp\/v2\/product_brand?post=96422"},{"taxonomy":"product_cat","embeddable":true,"href":"https:\/\/therezia.ro\/hu\/wp-json\/wp\/v2\/product_cat?post=96422"},{"taxonomy":"product_tag","embeddable":true,"href":"https:\/\/therezia.ro\/hu\/wp-json\/wp\/v2\/product_tag?post=96422"}],"curies":[{"name":"wp","href":"https:\/\/api.w.org\/{rel}","templated":true}]}}