{"id":96423,"date":"2025-04-16T11:19:58","date_gmt":"2025-04-16T11:19:58","guid":{"rendered":"http:\/\/therezia.ro\/product\/branza-topita-cu-marar\/"},"modified":"2025-05-08T15:05:28","modified_gmt":"2025-05-08T15:05:28","slug":"branza-topita-cu-marar","status":"publish","type":"product","link":"https:\/\/therezia.ro\/hu\/product\/branza-topita-cu-marar\/","title":{"rendered":"Kapros T\u00f6ml\u0151s Sajt"},"content":{"rendered":"<p><span style=\"font-weight: 400;\">Kr\u00e9mes \u00e9s friss \u00edzharm\u00f3nia, finom tejjel \u00e9s friss kaporral. T\u00f6k\u00e9letes v\u00e1laszt\u00e1s azoknak, akik szeretik az egyszer\u0171, de m\u00e9gis k\u00fcl\u00f6nleges \u00edzeket.<\/span><\/p>\n","protected":false},"excerpt":{"rendered":"<p>Kr\u00e9mes \u00e9s friss \u00edzharm\u00f3nia, finom tejjel \u00e9s friss kaporral. T\u00f6k\u00e9letes v\u00e1laszt\u00e1s azoknak, akik szeretik az egyszer\u0171, de m\u00e9gis k\u00fcl\u00f6nleges \u00edzeket.<\/p>\n","protected":false},"featured_media":96103,"comment_status":"open","ping_status":"closed","template":"","meta":{"inline_featured_image":false},"product_brand":[],"product_cat":[396],"product_tag":[],"class_list":{"0":"post-96423","1":"product","2":"type-product","3":"status-publish","4":"has-post-thumbnail","6":"product_cat-tomlos-sajtok","7":"description-off","9":"first","10":"instock","11":"shipping-taxable","12":"purchasable","13":"product-type-simple"},"_links":{"self":[{"href":"https:\/\/therezia.ro\/hu\/wp-json\/wp\/v2\/product\/96423","targetHints":{"allow":["GET"]}}],"collection":[{"href":"https:\/\/therezia.ro\/hu\/wp-json\/wp\/v2\/product"}],"about":[{"href":"https:\/\/therezia.ro\/hu\/wp-json\/wp\/v2\/types\/product"}],"replies":[{"embeddable":true,"href":"https:\/\/therezia.ro\/hu\/wp-json\/wp\/v2\/comments?post=96423"}],"wp:featuredmedia":[{"embeddable":true,"href":"https:\/\/therezia.ro\/hu\/wp-json\/wp\/v2\/media\/96103"}],"wp:attachment":[{"href":"https:\/\/therezia.ro\/hu\/wp-json\/wp\/v2\/media?parent=96423"}],"wp:term":[{"taxonomy":"product_brand","embeddable":true,"href":"https:\/\/therezia.ro\/hu\/wp-json\/wp\/v2\/product_brand?post=96423"},{"taxonomy":"product_cat","embeddable":true,"href":"https:\/\/therezia.ro\/hu\/wp-json\/wp\/v2\/product_cat?post=96423"},{"taxonomy":"product_tag","embeddable":true,"href":"https:\/\/therezia.ro\/hu\/wp-json\/wp\/v2\/product_tag?post=96423"}],"curies":[{"name":"wp","href":"https:\/\/api.w.org\/{rel}","templated":true}]}}