{"id":96424,"date":"2025-04-16T11:17:15","date_gmt":"2025-04-16T11:17:15","guid":{"rendered":"http:\/\/therezia.ro\/product\/branza-topita-cu-smantana\/"},"modified":"2025-05-08T15:05:44","modified_gmt":"2025-05-08T15:05:44","slug":"branza-topita-cu-smantana","status":"publish","type":"product","link":"https:\/\/therezia.ro\/hu\/product\/branza-topita-cu-smantana\/","title":{"rendered":"Tejf\u00f6l\u00f6s T\u00f6ml\u0151s Sajt"},"content":{"rendered":"<p><span style=\"font-weight: 400;\">Finom \u00edz, amely friss tejb\u0151l \u00e9s val\u00f3di tejf\u00f6lb\u0151l sz\u00fcletett \u2013 azokhoz a pillanatokhoz, amikor valami egyszer\u0171re \u00e9s igaz\u00e1n finomra v\u00e1gysz. B\u00e1rsonyos \u00e9s kr\u00e9mes \u00e1llag\u00e1val t\u00f6k\u00e9letesen kenhet\u0151 a meleg keny\u00e9ren, \u00e9s b\u00e1rmilyen falatot k\u00e9nyeztet\u0151 \u00e9lm\u00e9nny\u00e9 var\u00e1zsol.<\/span><\/p>\n","protected":false},"excerpt":{"rendered":"<p>Finom \u00edz, amely friss tejb\u0151l \u00e9s val\u00f3di tejf\u00f6lb\u0151l sz\u00fcletett \u2013 azokhoz a pillanatokhoz, amikor valami egyszer\u0171re \u00e9s igaz\u00e1n finomra v\u00e1gysz. B\u00e1rsonyos \u00e9s kr\u00e9mes \u00e1llag\u00e1val t\u00f6k\u00e9letesen kenhet\u0151 a meleg keny\u00e9ren, \u00e9s b\u00e1rmilyen falatot k\u00e9nyeztet\u0151 \u00e9lm\u00e9nny\u00e9 var\u00e1zsol.<\/p>\n","protected":false},"featured_media":96097,"comment_status":"open","ping_status":"closed","template":"","meta":{"inline_featured_image":false},"product_brand":[],"product_cat":[396],"product_tag":[],"class_list":{"0":"post-96424","1":"product","2":"type-product","3":"status-publish","4":"has-post-thumbnail","6":"product_cat-tomlos-sajtok","7":"description-off","9":"first","10":"instock","11":"shipping-taxable","12":"purchasable","13":"product-type-simple"},"_links":{"self":[{"href":"https:\/\/therezia.ro\/hu\/wp-json\/wp\/v2\/product\/96424","targetHints":{"allow":["GET"]}}],"collection":[{"href":"https:\/\/therezia.ro\/hu\/wp-json\/wp\/v2\/product"}],"about":[{"href":"https:\/\/therezia.ro\/hu\/wp-json\/wp\/v2\/types\/product"}],"replies":[{"embeddable":true,"href":"https:\/\/therezia.ro\/hu\/wp-json\/wp\/v2\/comments?post=96424"}],"wp:featuredmedia":[{"embeddable":true,"href":"https:\/\/therezia.ro\/hu\/wp-json\/wp\/v2\/media\/96097"}],"wp:attachment":[{"href":"https:\/\/therezia.ro\/hu\/wp-json\/wp\/v2\/media?parent=96424"}],"wp:term":[{"taxonomy":"product_brand","embeddable":true,"href":"https:\/\/therezia.ro\/hu\/wp-json\/wp\/v2\/product_brand?post=96424"},{"taxonomy":"product_cat","embeddable":true,"href":"https:\/\/therezia.ro\/hu\/wp-json\/wp\/v2\/product_cat?post=96424"},{"taxonomy":"product_tag","embeddable":true,"href":"https:\/\/therezia.ro\/hu\/wp-json\/wp\/v2\/product_tag?post=96424"}],"curies":[{"name":"wp","href":"https:\/\/api.w.org\/{rel}","templated":true}]}}