{"id":96425,"date":"2025-04-16T10:41:26","date_gmt":"2025-04-16T10:41:26","guid":{"rendered":"http:\/\/therezia.ro\/product\/branza-topita\/"},"modified":"2025-05-08T15:06:07","modified_gmt":"2025-05-08T15:06:07","slug":"branza-topita","status":"publish","type":"product","link":"https:\/\/therezia.ro\/hu\/product\/branza-topita\/","title":{"rendered":"Nat\u00far T\u00f6ml\u0151s Sajt"},"content":{"rendered":"<p><span style=\"font-weight: 400;\">Egyszer\u0171s\u00e9g a legjobb \u00e9rtelemben.<br \/>\nEz a nat\u00far t\u00f6ml\u0151s sajt tiszta alapanyagokb\u00f3l, erd\u00e9lyi tejb\u0151l k\u00e9sz\u00fcl.<br \/>\nKr\u00e9mes \u00e1llag, gazdag \u00edz, \u00e9s egy ide\u00e1lis v\u00e1laszt\u00e1s a reggelihez pir\u00edt\u00f3sra vagy zs\u00f6ml\u00e9re.<br \/>\nA Therezia nat\u00far sajtkr\u00e9m azoknak k\u00e9sz\u00fclt, akik az \u00edzletess\u00e9get az \u0151szinte, letisztult alapanyagokban keresik.<\/span><\/p>\n","protected":false},"excerpt":{"rendered":"<p>Egyszer\u0171s\u00e9g a legjobb \u00e9rtelemben. Ez a nat\u00far t\u00f6ml\u0151s sajt tiszta alapanyagokb\u00f3l, erd\u00e9lyi tejb\u0151l k\u00e9sz\u00fcl. Kr\u00e9mes \u00e1llag, gazdag \u00edz, \u00e9s egy ide\u00e1lis v\u00e1laszt\u00e1s a reggelihez pir\u00edt\u00f3sra vagy zs\u00f6ml\u00e9re. A Therezia nat\u00far sajtkr\u00e9m azoknak k\u00e9sz\u00fclt, akik az \u00edzletess\u00e9get az \u0151szinte, letisztult alapanyagokban keresik.<\/p>\n","protected":false},"featured_media":96075,"comment_status":"open","ping_status":"closed","template":"","meta":{"inline_featured_image":false},"product_brand":[],"product_cat":[396],"product_tag":[],"class_list":{"0":"post-96425","1":"product","2":"type-product","3":"status-publish","4":"has-post-thumbnail","6":"product_cat-tomlos-sajtok","7":"description-off","9":"first","10":"instock","11":"shipping-taxable","12":"purchasable","13":"product-type-simple"},"_links":{"self":[{"href":"https:\/\/therezia.ro\/hu\/wp-json\/wp\/v2\/product\/96425","targetHints":{"allow":["GET"]}}],"collection":[{"href":"https:\/\/therezia.ro\/hu\/wp-json\/wp\/v2\/product"}],"about":[{"href":"https:\/\/therezia.ro\/hu\/wp-json\/wp\/v2\/types\/product"}],"replies":[{"embeddable":true,"href":"https:\/\/therezia.ro\/hu\/wp-json\/wp\/v2\/comments?post=96425"}],"wp:featuredmedia":[{"embeddable":true,"href":"https:\/\/therezia.ro\/hu\/wp-json\/wp\/v2\/media\/96075"}],"wp:attachment":[{"href":"https:\/\/therezia.ro\/hu\/wp-json\/wp\/v2\/media?parent=96425"}],"wp:term":[{"taxonomy":"product_brand","embeddable":true,"href":"https:\/\/therezia.ro\/hu\/wp-json\/wp\/v2\/product_brand?post=96425"},{"taxonomy":"product_cat","embeddable":true,"href":"https:\/\/therezia.ro\/hu\/wp-json\/wp\/v2\/product_cat?post=96425"},{"taxonomy":"product_tag","embeddable":true,"href":"https:\/\/therezia.ro\/hu\/wp-json\/wp\/v2\/product_tag?post=96425"}],"curies":[{"name":"wp","href":"https:\/\/api.w.org\/{rel}","templated":true}]}}