{"id":96445,"date":"2025-04-16T11:31:54","date_gmt":"2025-04-16T11:31:54","guid":{"rendered":"http:\/\/therezia.ro\/product\/mascarpone\/"},"modified":"2025-05-08T15:08:55","modified_gmt":"2025-05-08T15:08:55","slug":"mascarpone","status":"publish","type":"product","link":"https:\/\/therezia.ro\/hu\/product\/mascarpone\/","title":{"rendered":"Mascarpone \u2013 Therezia"},"content":{"rendered":"<p><span style=\"font-weight: 400;\">Selymes, kr\u00e9mes, term\u00e9szetes \u2013 a desszertek lelke.<br \/>\n A Therezia mascarpone friss tejf\u00f6lb\u0151l k\u00e9sz\u00fcl, adal\u00e9kanyagok n\u00e9lk\u00fcl, hogy meg\u0151rizze l\u00e1gy text\u00far\u00e1j\u00e1t \u00e9s kifinomult \u00edzvil\u00e1g\u00e1t.<br \/>\nT\u00f6k\u00e9letes alapanyag tiramisuhoz, k\u00f6nny\u0171 kr\u00e9mekhez vagy b\u00e1rmilyen \u00e9des csod\u00e1hoz, ahol sz\u00e1m\u00edt a gazdag, telt \u00e1llag \u00e9s a kifog\u00e1stalan min\u0151s\u00e9g.<\/span><\/p>\n","protected":false},"excerpt":{"rendered":"<p>Selymes, kr\u00e9mes, term\u00e9szetes \u2013 a desszertek lelke. A Therezia mascarpone friss tejf\u00f6lb\u0151l k\u00e9sz\u00fcl, adal\u00e9kanyagok n\u00e9lk\u00fcl, hogy meg\u0151rizze l\u00e1gy text\u00far\u00e1j\u00e1t \u00e9s kifinomult \u00edzvil\u00e1g\u00e1t. T\u00f6k\u00e9letes alapanyag tiramisuhoz, k\u00f6nny\u0171 kr\u00e9mekhez vagy b\u00e1rmilyen \u00e9des csod\u00e1hoz, ahol sz\u00e1m\u00edt a gazdag, telt \u00e1llag \u00e9s a kifog\u00e1stalan min\u0151s\u00e9g.<\/p>\n","protected":false},"featured_media":96121,"comment_status":"open","ping_status":"closed","template":"","meta":{"inline_featured_image":false},"product_brand":[],"product_cat":[397],"product_tag":[],"class_list":{"0":"post-96445","1":"product","2":"type-product","3":"status-publish","4":"has-post-thumbnail","6":"product_cat-friss-asztali-tejtermekek","7":"description-off","9":"first","10":"instock","11":"shipping-taxable","12":"purchasable","13":"product-type-simple"},"_links":{"self":[{"href":"https:\/\/therezia.ro\/hu\/wp-json\/wp\/v2\/product\/96445","targetHints":{"allow":["GET"]}}],"collection":[{"href":"https:\/\/therezia.ro\/hu\/wp-json\/wp\/v2\/product"}],"about":[{"href":"https:\/\/therezia.ro\/hu\/wp-json\/wp\/v2\/types\/product"}],"replies":[{"embeddable":true,"href":"https:\/\/therezia.ro\/hu\/wp-json\/wp\/v2\/comments?post=96445"}],"wp:featuredmedia":[{"embeddable":true,"href":"https:\/\/therezia.ro\/hu\/wp-json\/wp\/v2\/media\/96121"}],"wp:attachment":[{"href":"https:\/\/therezia.ro\/hu\/wp-json\/wp\/v2\/media?parent=96445"}],"wp:term":[{"taxonomy":"product_brand","embeddable":true,"href":"https:\/\/therezia.ro\/hu\/wp-json\/wp\/v2\/product_brand?post=96445"},{"taxonomy":"product_cat","embeddable":true,"href":"https:\/\/therezia.ro\/hu\/wp-json\/wp\/v2\/product_cat?post=96445"},{"taxonomy":"product_tag","embeddable":true,"href":"https:\/\/therezia.ro\/hu\/wp-json\/wp\/v2\/product_tag?post=96445"}],"curies":[{"name":"wp","href":"https:\/\/api.w.org\/{rel}","templated":true}]}}