{"id":96447,"date":"2025-04-16T11:24:17","date_gmt":"2025-04-16T11:24:17","guid":{"rendered":"http:\/\/therezia.ro\/product\/urda-bloc\/"},"modified":"2025-05-08T15:09:31","modified_gmt":"2025-05-08T15:09:31","slug":"urda-bloc","status":"publish","type":"product","link":"https:\/\/therezia.ro\/hu\/product\/urda-bloc\/","title":{"rendered":"Orda t\u00f6mb form\u00e1ban"},"content":{"rendered":"<p><span style=\"font-weight: 400;\">L\u00e1gy \u00e1llag, enyhe \u00edz \u00e9s praktikus forma, amely k\u00f6nnyen adagolhat\u00f3. Egy k\u00f6nny\u0171, kiegyens\u00falyozott orda, amelyet fogyaszthatsz friss z\u00f6lds\u00e9gekkel, vagy beilleszthetsz a mindennapi receptekbe is.<\/span><\/p>\n","protected":false},"excerpt":{"rendered":"<p>L\u00e1gy \u00e1llag, enyhe \u00edz \u00e9s praktikus forma, amely k\u00f6nnyen adagolhat\u00f3. Egy k\u00f6nny\u0171, kiegyens\u00falyozott orda, amelyet fogyaszthatsz friss z\u00f6lds\u00e9gekkel, vagy beilleszthetsz a mindennapi receptekbe is.<\/p>\n","protected":false},"featured_media":96109,"comment_status":"open","ping_status":"closed","template":"","meta":{"inline_featured_image":false},"product_brand":[],"product_cat":[397],"product_tag":[],"class_list":{"0":"post-96447","1":"product","2":"type-product","3":"status-publish","4":"has-post-thumbnail","6":"product_cat-friss-asztali-tejtermekek","7":"description-off","9":"first","10":"instock","11":"shipping-taxable","12":"purchasable","13":"product-type-simple"},"_links":{"self":[{"href":"https:\/\/therezia.ro\/hu\/wp-json\/wp\/v2\/product\/96447","targetHints":{"allow":["GET"]}}],"collection":[{"href":"https:\/\/therezia.ro\/hu\/wp-json\/wp\/v2\/product"}],"about":[{"href":"https:\/\/therezia.ro\/hu\/wp-json\/wp\/v2\/types\/product"}],"replies":[{"embeddable":true,"href":"https:\/\/therezia.ro\/hu\/wp-json\/wp\/v2\/comments?post=96447"}],"wp:featuredmedia":[{"embeddable":true,"href":"https:\/\/therezia.ro\/hu\/wp-json\/wp\/v2\/media\/96109"}],"wp:attachment":[{"href":"https:\/\/therezia.ro\/hu\/wp-json\/wp\/v2\/media?parent=96447"}],"wp:term":[{"taxonomy":"product_brand","embeddable":true,"href":"https:\/\/therezia.ro\/hu\/wp-json\/wp\/v2\/product_brand?post=96447"},{"taxonomy":"product_cat","embeddable":true,"href":"https:\/\/therezia.ro\/hu\/wp-json\/wp\/v2\/product_cat?post=96447"},{"taxonomy":"product_tag","embeddable":true,"href":"https:\/\/therezia.ro\/hu\/wp-json\/wp\/v2\/product_tag?post=96447"}],"curies":[{"name":"wp","href":"https:\/\/api.w.org\/{rel}","templated":true}]}}