{"id":96448,"date":"2025-04-16T11:21:21","date_gmt":"2025-04-16T11:21:21","guid":{"rendered":"http:\/\/therezia.ro\/product\/urda\/"},"modified":"2025-05-08T15:09:46","modified_gmt":"2025-05-08T15:09:46","slug":"urda","status":"publish","type":"product","link":"https:\/\/therezia.ro\/hu\/product\/urda\/","title":{"rendered":"Orda"},"content":{"rendered":"<p><span style=\"font-weight: 400;\">A Therezia orda k\u00f6nny\u0171, l\u00e1gy \u00e9s kiegyens\u00falyozott. Friss sav\u00f3b\u00f3l k\u00e9sz\u00fcl, meg\u0151rizve azt a tiszta, enyh\u00e9n \u00e9desk\u00e9s \u00edzt, amely igaz\u00e1n k\u00fcl\u00f6nlegess\u00e9 teszi. T\u00f6k\u00e9letes friss kaporral, palacsint\u00e1ban vagy egyszer\u0171en csak friss keny\u00e9rrel t\u00e1lalva. <\/span><\/p>\n","protected":false},"excerpt":{"rendered":"<p>A Therezia orda k\u00f6nny\u0171, l\u00e1gy \u00e9s kiegyens\u00falyozott. Friss sav\u00f3b\u00f3l k\u00e9sz\u00fcl, meg\u0151rizve azt a tiszta, enyh\u00e9n \u00e9desk\u00e9s \u00edzt, amely igaz\u00e1n k\u00fcl\u00f6nlegess\u00e9 teszi. T\u00f6k\u00e9letes friss kaporral, palacsint\u00e1ban vagy egyszer\u0171en csak friss keny\u00e9rrel t\u00e1lalva.<\/p>\n","protected":false},"featured_media":96107,"comment_status":"open","ping_status":"closed","template":"","meta":{"inline_featured_image":false},"product_brand":[],"product_cat":[397],"product_tag":[],"class_list":{"0":"post-96448","1":"product","2":"type-product","3":"status-publish","4":"has-post-thumbnail","6":"product_cat-friss-asztali-tejtermekek","7":"description-off","9":"first","10":"instock","11":"shipping-taxable","12":"purchasable","13":"product-type-simple"},"_links":{"self":[{"href":"https:\/\/therezia.ro\/hu\/wp-json\/wp\/v2\/product\/96448","targetHints":{"allow":["GET"]}}],"collection":[{"href":"https:\/\/therezia.ro\/hu\/wp-json\/wp\/v2\/product"}],"about":[{"href":"https:\/\/therezia.ro\/hu\/wp-json\/wp\/v2\/types\/product"}],"replies":[{"embeddable":true,"href":"https:\/\/therezia.ro\/hu\/wp-json\/wp\/v2\/comments?post=96448"}],"wp:featuredmedia":[{"embeddable":true,"href":"https:\/\/therezia.ro\/hu\/wp-json\/wp\/v2\/media\/96107"}],"wp:attachment":[{"href":"https:\/\/therezia.ro\/hu\/wp-json\/wp\/v2\/media?parent=96448"}],"wp:term":[{"taxonomy":"product_brand","embeddable":true,"href":"https:\/\/therezia.ro\/hu\/wp-json\/wp\/v2\/product_brand?post=96448"},{"taxonomy":"product_cat","embeddable":true,"href":"https:\/\/therezia.ro\/hu\/wp-json\/wp\/v2\/product_cat?post=96448"},{"taxonomy":"product_tag","embeddable":true,"href":"https:\/\/therezia.ro\/hu\/wp-json\/wp\/v2\/product_tag?post=96448"}],"curies":[{"name":"wp","href":"https:\/\/api.w.org\/{rel}","templated":true}]}}