{"id":96449,"date":"2025-04-16T11:18:18","date_gmt":"2025-04-16T11:18:18","guid":{"rendered":"http:\/\/therezia.ro\/product\/smantana-premium-0-5-kg\/"},"modified":"2025-05-08T15:10:05","modified_gmt":"2025-05-08T15:10:05","slug":"smantana-premium-0-5-kg","status":"publish","type":"product","link":"https:\/\/therezia.ro\/hu\/product\/smantana-premium-0-5-kg\/","title":{"rendered":"Pr\u00e9mium tejf\u00f6l \u2013 0,5 kg-os kiszerel\u00e9s"},"content":{"rendered":"<p><span style=\"font-weight: 400;\">\u00cdzletes, s\u0171r\u0171 \u00e1llag\u00fa \u00e9s 35%-os zs\u00edrtartalm\u00fa \u2013 a Therezia Premium tejf\u00f6l nem hi\u00e1nyozhat egyetlen konyh\u00e1b\u00f3l sem. Kr\u00e9mes text\u00far\u00e1ja \u00e9s tiszta \u00edze miatt kiv\u00e1l\u00f3 f\u0151z\u00e9shez, de \u00f6nmag\u00e1ban is t\u00f6k\u00e9letesen illik egy adag hagyom\u00e1nyos \u00e9tel mell\u00e9.<\/span><\/p>\n","protected":false},"excerpt":{"rendered":"<p>\u00cdzletes, s\u0171r\u0171 \u00e1llag\u00fa \u00e9s 35%-os zs\u00edrtartalm\u00fa \u2013 a Therezia Premium tejf\u00f6l nem hi\u00e1nyozhat egyetlen konyh\u00e1b\u00f3l sem. Kr\u00e9mes text\u00far\u00e1ja \u00e9s tiszta \u00edze miatt kiv\u00e1l\u00f3 f\u0151z\u00e9shez, de \u00f6nmag\u00e1ban is t\u00f6k\u00e9letesen illik egy adag hagyom\u00e1nyos \u00e9tel mell\u00e9.<\/p>\n","protected":false},"featured_media":96099,"comment_status":"open","ping_status":"closed","template":"","meta":{"inline_featured_image":false},"product_brand":[],"product_cat":[397],"product_tag":[],"class_list":{"0":"post-96449","1":"product","2":"type-product","3":"status-publish","4":"has-post-thumbnail","6":"product_cat-friss-asztali-tejtermekek","7":"description-off","9":"first","10":"instock","11":"shipping-taxable","12":"purchasable","13":"product-type-simple"},"_links":{"self":[{"href":"https:\/\/therezia.ro\/hu\/wp-json\/wp\/v2\/product\/96449","targetHints":{"allow":["GET"]}}],"collection":[{"href":"https:\/\/therezia.ro\/hu\/wp-json\/wp\/v2\/product"}],"about":[{"href":"https:\/\/therezia.ro\/hu\/wp-json\/wp\/v2\/types\/product"}],"replies":[{"embeddable":true,"href":"https:\/\/therezia.ro\/hu\/wp-json\/wp\/v2\/comments?post=96449"}],"wp:featuredmedia":[{"embeddable":true,"href":"https:\/\/therezia.ro\/hu\/wp-json\/wp\/v2\/media\/96099"}],"wp:attachment":[{"href":"https:\/\/therezia.ro\/hu\/wp-json\/wp\/v2\/media?parent=96449"}],"wp:term":[{"taxonomy":"product_brand","embeddable":true,"href":"https:\/\/therezia.ro\/hu\/wp-json\/wp\/v2\/product_brand?post=96449"},{"taxonomy":"product_cat","embeddable":true,"href":"https:\/\/therezia.ro\/hu\/wp-json\/wp\/v2\/product_cat?post=96449"},{"taxonomy":"product_tag","embeddable":true,"href":"https:\/\/therezia.ro\/hu\/wp-json\/wp\/v2\/product_tag?post=96449"}],"curies":[{"name":"wp","href":"https:\/\/api.w.org\/{rel}","templated":true}]}}