{"id":96450,"date":"2025-04-16T11:14:28","date_gmt":"2025-04-16T11:14:28","guid":{"rendered":"http:\/\/therezia.ro\/product\/smantana-premium-35\/"},"modified":"2025-05-08T15:10:30","modified_gmt":"2025-05-08T15:10:30","slug":"smantana-premium-35","status":"publish","type":"product","link":"https:\/\/therezia.ro\/hu\/product\/smantana-premium-35\/","title":{"rendered":"Pr\u00e9mium Tejf\u00f6l \u2013 35%-os zs\u00edrtartalom"},"content":{"rendered":"<p><span style=\"font-weight: 400;\">Gazdag, kr\u00e9mes tejf\u00f6l, nagy kiszerel\u00e9sben \u2013 ide\u00e1lis nagyobb mennyis\u00e9g\u0171 felhaszn\u00e1l\u00e1sra. 35%-os zs\u00edrtartalma \u00e9s stabil \u00e1llaga r\u00e9v\u00e9n m\u00e9lys\u00e9get ad az \u00e9teleknek, mik\u00f6zben meg\u0151rzi term\u00e9szetes jelleg\u00e9t.<\/span><\/p>\n","protected":false},"excerpt":{"rendered":"<p>Gazdag, kr\u00e9mes tejf\u00f6l, nagy kiszerel\u00e9sben \u2013 ide\u00e1lis nagyobb mennyis\u00e9g\u0171 felhaszn\u00e1l\u00e1sra. 35%-os zs\u00edrtartalma \u00e9s stabil \u00e1llaga r\u00e9v\u00e9n m\u00e9lys\u00e9get ad az \u00e9teleknek, mik\u00f6zben meg\u0151rzi term\u00e9szetes jelleg\u00e9t.<\/p>\n","protected":false},"featured_media":96095,"comment_status":"open","ping_status":"closed","template":"","meta":{"inline_featured_image":false},"product_brand":[],"product_cat":[397],"product_tag":[],"class_list":{"0":"post-96450","1":"product","2":"type-product","3":"status-publish","4":"has-post-thumbnail","6":"product_cat-friss-asztali-tejtermekek","7":"description-off","9":"first","10":"instock","11":"shipping-taxable","12":"purchasable","13":"product-type-simple"},"_links":{"self":[{"href":"https:\/\/therezia.ro\/hu\/wp-json\/wp\/v2\/product\/96450","targetHints":{"allow":["GET"]}}],"collection":[{"href":"https:\/\/therezia.ro\/hu\/wp-json\/wp\/v2\/product"}],"about":[{"href":"https:\/\/therezia.ro\/hu\/wp-json\/wp\/v2\/types\/product"}],"replies":[{"embeddable":true,"href":"https:\/\/therezia.ro\/hu\/wp-json\/wp\/v2\/comments?post=96450"}],"wp:featuredmedia":[{"embeddable":true,"href":"https:\/\/therezia.ro\/hu\/wp-json\/wp\/v2\/media\/96095"}],"wp:attachment":[{"href":"https:\/\/therezia.ro\/hu\/wp-json\/wp\/v2\/media?parent=96450"}],"wp:term":[{"taxonomy":"product_brand","embeddable":true,"href":"https:\/\/therezia.ro\/hu\/wp-json\/wp\/v2\/product_brand?post=96450"},{"taxonomy":"product_cat","embeddable":true,"href":"https:\/\/therezia.ro\/hu\/wp-json\/wp\/v2\/product_cat?post=96450"},{"taxonomy":"product_tag","embeddable":true,"href":"https:\/\/therezia.ro\/hu\/wp-json\/wp\/v2\/product_tag?post=96450"}],"curies":[{"name":"wp","href":"https:\/\/api.w.org\/{rel}","templated":true}]}}