{"id":96451,"date":"2025-04-16T11:06:28","date_gmt":"2025-04-16T11:06:28","guid":{"rendered":"http:\/\/therezia.ro\/product\/unt-vrac-80\/"},"modified":"2025-05-08T15:10:50","modified_gmt":"2025-05-08T15:10:50","slug":"unt-vrac-80","status":"publish","type":"product","link":"https:\/\/therezia.ro\/hu\/product\/unt-vrac-80\/","title":{"rendered":"Vaj nagy kiszerel\u00e9sben \u2013 80% zs\u00edrtartalom"},"content":{"rendered":"<p><span style=\"font-weight: 400;\">Kr\u00e9mes vaj, nagy kiszerel\u00e9sben \u2013 mindennapi \u00e9s professzion\u00e1lis haszn\u00e1latra.<br \/>\nA 80% zs\u00edrtartalm\u00fa vaj gazdag, term\u00e9szetes \u00edz\u00e9vel \u00e9s sima \u00e1llag\u00e1val ide\u00e1lis v\u00e1laszt\u00e1s s\u00fct\u00e9shez, kr\u00e9mekhez, t\u00e9szt\u00e1khoz vagy egyszer\u0171en keny\u00e9rre kenve is.<br \/>\n\u00d6mlesztett kiszerel\u00e9s\u00e9nek k\u00f6sz\u00f6nhet\u0151en gazdas\u00e1gos \u00e9s praktikus megold\u00e1s nagyobb konyh\u00e1k, p\u00e9ks\u00e9gek vagy \u00e9ttermek sz\u00e1m\u00e1ra.<\/span><\/p>\n","protected":false},"excerpt":{"rendered":"<p>Kr\u00e9mes vaj, nagy kiszerel\u00e9sben \u2013 mindennapi \u00e9s professzion\u00e1lis haszn\u00e1latra. A 80% zs\u00edrtartalm\u00fa vaj gazdag, term\u00e9szetes \u00edz\u00e9vel \u00e9s sima \u00e1llag\u00e1val ide\u00e1lis v\u00e1laszt\u00e1s s\u00fct\u00e9shez, kr\u00e9mekhez, t\u00e9szt\u00e1khoz vagy egyszer\u0171en keny\u00e9rre kenve is. \u00d6mlesztett kiszerel\u00e9s\u00e9nek k\u00f6sz\u00f6nhet\u0151en gazdas\u00e1gos \u00e9s praktikus megold\u00e1s nagyobb konyh\u00e1k, p\u00e9ks\u00e9gek vagy \u00e9ttermek sz\u00e1m\u00e1ra.<\/p>\n","protected":false},"featured_media":96089,"comment_status":"open","ping_status":"closed","template":"","meta":{"inline_featured_image":false},"product_brand":[],"product_cat":[397],"product_tag":[],"class_list":{"0":"post-96451","1":"product","2":"type-product","3":"status-publish","4":"has-post-thumbnail","6":"product_cat-friss-asztali-tejtermekek","7":"description-off","9":"first","10":"instock","11":"shipping-taxable","12":"purchasable","13":"product-type-simple"},"_links":{"self":[{"href":"https:\/\/therezia.ro\/hu\/wp-json\/wp\/v2\/product\/96451","targetHints":{"allow":["GET"]}}],"collection":[{"href":"https:\/\/therezia.ro\/hu\/wp-json\/wp\/v2\/product"}],"about":[{"href":"https:\/\/therezia.ro\/hu\/wp-json\/wp\/v2\/types\/product"}],"replies":[{"embeddable":true,"href":"https:\/\/therezia.ro\/hu\/wp-json\/wp\/v2\/comments?post=96451"}],"wp:featuredmedia":[{"embeddable":true,"href":"https:\/\/therezia.ro\/hu\/wp-json\/wp\/v2\/media\/96089"}],"wp:attachment":[{"href":"https:\/\/therezia.ro\/hu\/wp-json\/wp\/v2\/media?parent=96451"}],"wp:term":[{"taxonomy":"product_brand","embeddable":true,"href":"https:\/\/therezia.ro\/hu\/wp-json\/wp\/v2\/product_brand?post=96451"},{"taxonomy":"product_cat","embeddable":true,"href":"https:\/\/therezia.ro\/hu\/wp-json\/wp\/v2\/product_cat?post=96451"},{"taxonomy":"product_tag","embeddable":true,"href":"https:\/\/therezia.ro\/hu\/wp-json\/wp\/v2\/product_tag?post=96451"}],"curies":[{"name":"wp","href":"https:\/\/api.w.org\/{rel}","templated":true}]}}