{"id":96454,"date":"2025-04-16T10:44:58","date_gmt":"2025-04-16T10:44:58","guid":{"rendered":"http:\/\/therezia.ro\/product\/telemea-de-capra\/"},"modified":"2025-05-16T12:02:10","modified_gmt":"2025-05-16T12:02:10","slug":"kecsketejbol-keszult-telemea","status":"publish","type":"product","link":"https:\/\/therezia.ro\/hu\/product\/kecsketejbol-keszult-telemea\/","title":{"rendered":"Kecsketejb\u0151l k\u00e9sz\u00fclt Telemea"},"content":{"rendered":"<p><span style=\"font-weight: 400;\">L\u00e1gy, friss, kifinomult \u2013 a kecsketej jellegzetes \u00edz\u00e9vel.<br \/>\nK\u00f6nny\u0171 telemea, finom \u00edzzel \u00e9s a kecsketejre jellemz\u0151, enyh\u00e9n karakteres arom\u00e1val. L\u00e1gy \u00e1llag\u00fa, tiszta \u00edzvil\u00e1ga miatt ide\u00e1lis v\u00e1laszt\u00e1s azoknak, akik egy k\u00f6nnyed, m\u00e9gis gazdag \u00edzvil\u00e1g\u00fa tejterm\u00e9ket keresnek.<\/span><\/p>\n","protected":false},"excerpt":{"rendered":"<p>L\u00e1gy, friss, kifinomult \u2013 a kecsketej jellegzetes \u00edz\u00e9vel. K\u00f6nny\u0171 telemea, finom \u00edzzel \u00e9s a kecsketejre jellemz\u0151, enyh\u00e9n karakteres arom\u00e1val. L\u00e1gy \u00e1llag\u00fa, tiszta \u00edzvil\u00e1ga miatt ide\u00e1lis v\u00e1laszt\u00e1s azoknak, akik egy k\u00f6nnyed, m\u00e9gis gazdag \u00edzvil\u00e1g\u00fa tejterm\u00e9ket keresnek.<\/p>\n","protected":false},"featured_media":96123,"comment_status":"open","ping_status":"closed","template":"","meta":{"inline_featured_image":false},"product_brand":[],"product_cat":[397],"product_tag":[],"class_list":{"0":"post-96454","1":"product","2":"type-product","3":"status-publish","4":"has-post-thumbnail","6":"product_cat-friss-asztali-tejtermekek","7":"description-off","9":"first","10":"instock","11":"shipping-taxable","12":"purchasable","13":"product-type-simple"},"_links":{"self":[{"href":"https:\/\/therezia.ro\/hu\/wp-json\/wp\/v2\/product\/96454","targetHints":{"allow":["GET"]}}],"collection":[{"href":"https:\/\/therezia.ro\/hu\/wp-json\/wp\/v2\/product"}],"about":[{"href":"https:\/\/therezia.ro\/hu\/wp-json\/wp\/v2\/types\/product"}],"replies":[{"embeddable":true,"href":"https:\/\/therezia.ro\/hu\/wp-json\/wp\/v2\/comments?post=96454"}],"wp:featuredmedia":[{"embeddable":true,"href":"https:\/\/therezia.ro\/hu\/wp-json\/wp\/v2\/media\/96123"}],"wp:attachment":[{"href":"https:\/\/therezia.ro\/hu\/wp-json\/wp\/v2\/media?parent=96454"}],"wp:term":[{"taxonomy":"product_brand","embeddable":true,"href":"https:\/\/therezia.ro\/hu\/wp-json\/wp\/v2\/product_brand?post=96454"},{"taxonomy":"product_cat","embeddable":true,"href":"https:\/\/therezia.ro\/hu\/wp-json\/wp\/v2\/product_cat?post=96454"},{"taxonomy":"product_tag","embeddable":true,"href":"https:\/\/therezia.ro\/hu\/wp-json\/wp\/v2\/product_tag?post=96454"}],"curies":[{"name":"wp","href":"https:\/\/api.w.org\/{rel}","templated":true}]}}