{"id":96455,"date":"2025-04-16T10:40:21","date_gmt":"2025-04-16T10:40:21","guid":{"rendered":"http:\/\/therezia.ro\/product\/telemea-de-oaie\/"},"modified":"2025-05-08T15:11:47","modified_gmt":"2025-05-08T15:11:47","slug":"telemea-de-oaie","status":"publish","type":"product","link":"https:\/\/therezia.ro\/hu\/product\/telemea-de-oaie\/","title":{"rendered":"Juhtejb\u0151l k\u00e9sz\u00fclt Telemea"},"content":{"rendered":"<p><span style=\"font-weight: 400;\">Gazdagabb \u00edz, karakteresebb \u00e9lm\u00e9ny \u2013 a juhtej m\u00e9lt\u00f3an.<br \/>\nA juhtejb\u0151l k\u00e9sz\u00fclt telemea intenz\u00edvebb, mark\u00e1nsabb arom\u00e1val b\u00edr, mik\u00f6zben \u00e1llaga feszes, m\u00e9gis kellemesen oml\u00f3s.<br \/>\nAzoknak aj\u00e1nljuk, akik szeretik a tradicion\u00e1lis \u00edzvil\u00e1got, \u00e9s \u00e9rt\u00e9kelik a karakteres, val\u00f3di \u00edzeket.<\/span><\/p>\n","protected":false},"excerpt":{"rendered":"<p>Gazdagabb \u00edz, karakteresebb \u00e9lm\u00e9ny \u2013 a juhtej m\u00e9lt\u00f3an. A juhtejb\u0151l k\u00e9sz\u00fclt telemea intenz\u00edvebb, mark\u00e1nsabb arom\u00e1val b\u00edr, mik\u00f6zben \u00e1llaga feszes, m\u00e9gis kellemesen oml\u00f3s. Azoknak aj\u00e1nljuk, akik szeretik a tradicion\u00e1lis \u00edzvil\u00e1got, \u00e9s \u00e9rt\u00e9kelik a karakteres, val\u00f3di \u00edzeket.<\/p>\n","protected":false},"featured_media":96071,"comment_status":"open","ping_status":"closed","template":"","meta":{"inline_featured_image":false},"product_brand":[],"product_cat":[397],"product_tag":[],"class_list":{"0":"post-96455","1":"product","2":"type-product","3":"status-publish","4":"has-post-thumbnail","6":"product_cat-friss-asztali-tejtermekek","7":"description-off","9":"first","10":"instock","11":"shipping-taxable","12":"purchasable","13":"product-type-simple"},"_links":{"self":[{"href":"https:\/\/therezia.ro\/hu\/wp-json\/wp\/v2\/product\/96455","targetHints":{"allow":["GET"]}}],"collection":[{"href":"https:\/\/therezia.ro\/hu\/wp-json\/wp\/v2\/product"}],"about":[{"href":"https:\/\/therezia.ro\/hu\/wp-json\/wp\/v2\/types\/product"}],"replies":[{"embeddable":true,"href":"https:\/\/therezia.ro\/hu\/wp-json\/wp\/v2\/comments?post=96455"}],"wp:featuredmedia":[{"embeddable":true,"href":"https:\/\/therezia.ro\/hu\/wp-json\/wp\/v2\/media\/96071"}],"wp:attachment":[{"href":"https:\/\/therezia.ro\/hu\/wp-json\/wp\/v2\/media?parent=96455"}],"wp:term":[{"taxonomy":"product_brand","embeddable":true,"href":"https:\/\/therezia.ro\/hu\/wp-json\/wp\/v2\/product_brand?post=96455"},{"taxonomy":"product_cat","embeddable":true,"href":"https:\/\/therezia.ro\/hu\/wp-json\/wp\/v2\/product_cat?post=96455"},{"taxonomy":"product_tag","embeddable":true,"href":"https:\/\/therezia.ro\/hu\/wp-json\/wp\/v2\/product_tag?post=96455"}],"curies":[{"name":"wp","href":"https:\/\/api.w.org\/{rel}","templated":true}]}}